{"id":32499,"date":"2023-06-19T13:54:00","date_gmt":"2023-06-19T11:54:00","guid":{"rendered":"https:\/\/formacio.fundesplai.org\/blog-2\/"},"modified":"2024-08-20T13:21:15","modified_gmt":"2024-08-20T11:21:15","slug":"blog-2","status":"publish","type":"page","link":"https:\/\/formacio.fundesplai.org\/es\/blog-2\/","title":{"rendered":"Blog"},"content":{"rendered":"","protected":false},"excerpt":{"rendered":"","protected":false},"author":1,"featured_media":5211,"parent":0,"menu_order":0,"comment_status":"closed","ping_status":"closed","template":"","meta":{"_et_pb_use_builder":"","_et_pb_old_content":"","_et_gb_content_width":"","footnotes":""},"class_list":["post-32499","page","type-page","status-publish","has-post-thumbnail","hentry"],"yoast_head":"<!-- This site is optimized with the Yoast SEO plugin v27.6 - https:\/\/yoast.com\/product\/yoast-seo-wordpress\/ -->\n<title>Blog - Fundesplai Formaci\u00f3<\/title>\n<meta name=\"description\" content=\"Blog del Centro de Formaci\u00f3n de Fundesplai. Art\u00edculos de actualidad educativa y formativa para enriquecer tu mente.\" \/>\n<meta name=\"robots\" content=\"index, follow, max-snippet:-1, max-image-preview:large, max-video-preview:-1\" \/>\n<link rel=\"canonical\" href=\"https:\/\/formacio.fundesplai.org\/es\/blog-2\/\" \/>\n<meta property=\"og:locale\" content=\"es_ES\" \/>\n<meta property=\"og:type\" content=\"article\" \/>\n<meta property=\"og:title\" content=\"Blog - Fundesplai Formaci\u00f3\" \/>\n<meta property=\"og:description\" content=\"Blog del Centro de Formaci\u00f3n de Fundesplai. Art\u00edculos de actualidad educativa y formativa para enriquecer tu mente.\" \/>\n<meta property=\"og:url\" content=\"https:\/\/formacio.fundesplai.org\/es\/blog-2\/\" \/>\n<meta property=\"og:site_name\" content=\"Fundesplai Formaci\u00f3\" \/>\n<meta property=\"article:modified_time\" content=\"2024-08-20T11:21:15+00:00\" \/>\n<meta property=\"og:image\" content=\"https:\/\/formacio.fundesplai.org\/wp-content\/uploads\/2020\/10\/Blog-Web-Fundesplai.jpg\" \/>\n\t<meta property=\"og:image:width\" content=\"1888\" \/>\n\t<meta property=\"og:image:height\" content=\"900\" \/>\n\t<meta property=\"og:image:type\" content=\"image\/jpeg\" \/>\n<meta name=\"twitter:card\" content=\"summary_large_image\" \/>\n<script type=\"application\/ld+json\" class=\"yoast-schema-graph\">{\"@context\":\"https:\\\/\\\/schema.org\",\"@graph\":[{\"@type\":\"WebPage\",\"@id\":\"https:\\\/\\\/formacio.fundesplai.org\\\/es\\\/blog-2\\\/\",\"url\":\"https:\\\/\\\/formacio.fundesplai.org\\\/es\\\/blog-2\\\/\",\"name\":\"Blog - Fundesplai Formaci\u00f3\",\"isPartOf\":{\"@id\":\"https:\\\/\\\/formacio.fundesplai.org\\\/es\\\/#website\"},\"primaryImageOfPage\":{\"@id\":\"https:\\\/\\\/formacio.fundesplai.org\\\/es\\\/blog-2\\\/#primaryimage\"},\"image\":{\"@id\":\"https:\\\/\\\/formacio.fundesplai.org\\\/es\\\/blog-2\\\/#primaryimage\"},\"thumbnailUrl\":\"https:\\\/\\\/formacio.fundesplai.org\\\/wp-content\\\/uploads\\\/2020\\\/10\\\/Blog-Web-Fundesplai.jpg\",\"datePublished\":\"2023-06-19T11:54:00+00:00\",\"dateModified\":\"2024-08-20T11:21:15+00:00\",\"description\":\"Blog del Centro de Formaci\u00f3n de Fundesplai. Art\u00edculos de actualidad educativa y formativa para enriquecer tu mente.\",\"breadcrumb\":{\"@id\":\"https:\\\/\\\/formacio.fundesplai.org\\\/es\\\/blog-2\\\/#breadcrumb\"},\"inLanguage\":\"es\",\"potentialAction\":[{\"@type\":\"ReadAction\",\"target\":[\"https:\\\/\\\/formacio.fundesplai.org\\\/es\\\/blog-2\\\/\"]}]},{\"@type\":\"ImageObject\",\"inLanguage\":\"es\",\"@id\":\"https:\\\/\\\/formacio.fundesplai.org\\\/es\\\/blog-2\\\/#primaryimage\",\"url\":\"https:\\\/\\\/formacio.fundesplai.org\\\/wp-content\\\/uploads\\\/2020\\\/10\\\/Blog-Web-Fundesplai.jpg\",\"contentUrl\":\"https:\\\/\\\/formacio.fundesplai.org\\\/wp-content\\\/uploads\\\/2020\\\/10\\\/Blog-Web-Fundesplai.jpg\",\"width\":1888,\"height\":900,\"caption\":\"Blog Web Fundesplai\"},{\"@type\":\"BreadcrumbList\",\"@id\":\"https:\\\/\\\/formacio.fundesplai.org\\\/es\\\/blog-2\\\/#breadcrumb\",\"itemListElement\":[{\"@type\":\"ListItem\",\"position\":1,\"name\":\"Inici\",\"item\":\"https:\\\/\\\/formacio.fundesplai.org\\\/es\\\/inicio\\\/\"},{\"@type\":\"ListItem\",\"position\":2,\"name\":\"Blog\"}]},{\"@type\":\"WebSite\",\"@id\":\"https:\\\/\\\/formacio.fundesplai.org\\\/es\\\/#website\",\"url\":\"https:\\\/\\\/formacio.fundesplai.org\\\/es\\\/\",\"name\":\"Fundesplai Formaci\u00f3\",\"description\":\"\",\"potentialAction\":[{\"@type\":\"SearchAction\",\"target\":{\"@type\":\"EntryPoint\",\"urlTemplate\":\"https:\\\/\\\/formacio.fundesplai.org\\\/es\\\/?s={search_term_string}\"},\"query-input\":{\"@type\":\"PropertyValueSpecification\",\"valueRequired\":true,\"valueName\":\"search_term_string\"}}],\"inLanguage\":\"es\"}]}<\/script>\n<!-- \/ Yoast SEO plugin. -->","yoast_head_json":{"title":"Blog - Fundesplai Formaci\u00f3","description":"Blog del Centro de Formaci\u00f3n de Fundesplai. Art\u00edculos de actualidad educativa y formativa para enriquecer tu mente.","robots":{"index":"index","follow":"follow","max-snippet":"max-snippet:-1","max-image-preview":"max-image-preview:large","max-video-preview":"max-video-preview:-1"},"canonical":"https:\/\/formacio.fundesplai.org\/es\/blog-2\/","og_locale":"es_ES","og_type":"article","og_title":"Blog - Fundesplai Formaci\u00f3","og_description":"Blog del Centro de Formaci\u00f3n de Fundesplai. Art\u00edculos de actualidad educativa y formativa para enriquecer tu mente.","og_url":"https:\/\/formacio.fundesplai.org\/es\/blog-2\/","og_site_name":"Fundesplai Formaci\u00f3","article_modified_time":"2024-08-20T11:21:15+00:00","og_image":[{"width":1888,"height":900,"url":"https:\/\/formacio.fundesplai.org\/wp-content\/uploads\/2020\/10\/Blog-Web-Fundesplai.jpg","type":"image\/jpeg"}],"twitter_card":"summary_large_image","schema":{"@context":"https:\/\/schema.org","@graph":[{"@type":"WebPage","@id":"https:\/\/formacio.fundesplai.org\/es\/blog-2\/","url":"https:\/\/formacio.fundesplai.org\/es\/blog-2\/","name":"Blog - Fundesplai Formaci\u00f3","isPartOf":{"@id":"https:\/\/formacio.fundesplai.org\/es\/#website"},"primaryImageOfPage":{"@id":"https:\/\/formacio.fundesplai.org\/es\/blog-2\/#primaryimage"},"image":{"@id":"https:\/\/formacio.fundesplai.org\/es\/blog-2\/#primaryimage"},"thumbnailUrl":"https:\/\/formacio.fundesplai.org\/wp-content\/uploads\/2020\/10\/Blog-Web-Fundesplai.jpg","datePublished":"2023-06-19T11:54:00+00:00","dateModified":"2024-08-20T11:21:15+00:00","description":"Blog del Centro de Formaci\u00f3n de Fundesplai. Art\u00edculos de actualidad educativa y formativa para enriquecer tu mente.","breadcrumb":{"@id":"https:\/\/formacio.fundesplai.org\/es\/blog-2\/#breadcrumb"},"inLanguage":"es","potentialAction":[{"@type":"ReadAction","target":["https:\/\/formacio.fundesplai.org\/es\/blog-2\/"]}]},{"@type":"ImageObject","inLanguage":"es","@id":"https:\/\/formacio.fundesplai.org\/es\/blog-2\/#primaryimage","url":"https:\/\/formacio.fundesplai.org\/wp-content\/uploads\/2020\/10\/Blog-Web-Fundesplai.jpg","contentUrl":"https:\/\/formacio.fundesplai.org\/wp-content\/uploads\/2020\/10\/Blog-Web-Fundesplai.jpg","width":1888,"height":900,"caption":"Blog Web Fundesplai"},{"@type":"BreadcrumbList","@id":"https:\/\/formacio.fundesplai.org\/es\/blog-2\/#breadcrumb","itemListElement":[{"@type":"ListItem","position":1,"name":"Inici","item":"https:\/\/formacio.fundesplai.org\/es\/inicio\/"},{"@type":"ListItem","position":2,"name":"Blog"}]},{"@type":"WebSite","@id":"https:\/\/formacio.fundesplai.org\/es\/#website","url":"https:\/\/formacio.fundesplai.org\/es\/","name":"Fundesplai Formaci\u00f3","description":"","potentialAction":[{"@type":"SearchAction","target":{"@type":"EntryPoint","urlTemplate":"https:\/\/formacio.fundesplai.org\/es\/?s={search_term_string}"},"query-input":{"@type":"PropertyValueSpecification","valueRequired":true,"valueName":"search_term_string"}}],"inLanguage":"es"}]}},"_links":{"self":[{"href":"https:\/\/formacio.fundesplai.org\/es\/wp-json\/wp\/v2\/pages\/32499","targetHints":{"allow":["GET"]}}],"collection":[{"href":"https:\/\/formacio.fundesplai.org\/es\/wp-json\/wp\/v2\/pages"}],"about":[{"href":"https:\/\/formacio.fundesplai.org\/es\/wp-json\/wp\/v2\/types\/page"}],"author":[{"embeddable":true,"href":"https:\/\/formacio.fundesplai.org\/es\/wp-json\/wp\/v2\/users\/1"}],"replies":[{"embeddable":true,"href":"https:\/\/formacio.fundesplai.org\/es\/wp-json\/wp\/v2\/comments?post=32499"}],"version-history":[{"count":1,"href":"https:\/\/formacio.fundesplai.org\/es\/wp-json\/wp\/v2\/pages\/32499\/revisions"}],"predecessor-version":[{"id":33232,"href":"https:\/\/formacio.fundesplai.org\/es\/wp-json\/wp\/v2\/pages\/32499\/revisions\/33232"}],"wp:featuredmedia":[{"embeddable":true,"href":"https:\/\/formacio.fundesplai.org\/es\/wp-json\/wp\/v2\/media\/5211"}],"wp:attachment":[{"href":"https:\/\/formacio.fundesplai.org\/es\/wp-json\/wp\/v2\/media?parent=32499"}],"curies":[{"name":"wp","href":"https:\/\/api.w.org\/{rel}","templated":true}]}}