{"id":33417,"date":"2023-07-11T13:59:09","date_gmt":"2023-07-11T11:59:09","guid":{"rendered":"https:\/\/formacio.fundesplai.org\/como-llegar\/"},"modified":"2024-09-03T08:55:07","modified_gmt":"2024-09-03T06:55:07","slug":"como-llegar","status":"publish","type":"page","link":"https:\/\/formacio.fundesplai.org\/es\/como-llegar\/","title":{"rendered":"C\u00f3mo llegar"},"content":{"rendered":"<p>[et_pb_section fb_built=\u00bb1&#8243; _builder_version=\u00bb4.16&#8243; global_colors_info=\u00bb{}\u00bb][et_pb_row _builder_version=\u00bb4.16&#8243; background_size=\u00bbinitial\u00bb background_position=\u00bbtop_left\u00bb background_repeat=\u00bbrepeat\u00bb global_colors_info=\u00bb{}\u00bb][et_pb_column type=\u00bb4_4&#8243; _builder_version=\u00bb4.16&#8243; custom_padding=\u00bb|||\u00bb global_colors_info=\u00bb{}\u00bb custom_padding__hover=\u00bb|||\u00bb][et_pb_text admin_label=\u00bben transport p\u00fablic\u00bb _builder_version=\u00bb4.20.2&#8243; hover_enabled=\u00bb0&#8243; global_colors_info=\u00bb{}\u00bb sticky_enabled=\u00bb0&#8243;]<\/p>\n<h2>C\u00d3MO LLEGAR<\/h2>\n<p>[\/et_pb_text][\/et_pb_column][\/et_pb_row][et_pb_row module_class=\u00bb et_pb_row_fullwidth\u00bb _builder_version=\u00bb4.16&#8243; width=\u00bb100%\u00bb width_tablet=\u00bb100%\u00bb width_phone=\u00bb\u00bb width_last_edited=\u00bbon|desktop\u00bb max_width=\u00bb100%\u00bb max_width_tablet=\u00bb100%\u00bb max_width_phone=\u00bb\u00bb max_width_last_edited=\u00bbon|desktop\u00bb module_alignment=\u00bbcenter\u00bb make_fullwidth=\u00bbon\u00bb global_colors_info=\u00bb{}\u00bb][et_pb_column type=\u00bb4_4&#8243; _builder_version=\u00bb4.16&#8243; custom_padding=\u00bb|||\u00bb global_colors_info=\u00bb{}\u00bb custom_padding__hover=\u00bb|||\u00bb][et_pb_code admin_label=\u00bbMapa\u00bb _builder_version=\u00bb4.16&#8243; global_colors_info=\u00bb{}\u00bb]<iframe loading=\"lazy\" src=\"https:\/\/maps.google.com\/maps?width=100%&amp;height=600&amp;coord=41.315741,2.082559&amp;q=Carrer%20Riu%20Anoia%2042-54%2008820%20El%20Prat%20de%20Llobregat+(Albergue%20Centre%20Esplai)&amp;ie=UTF8&amp;t=&amp;z=16&amp;iwloc=B&amp;output=embed\" width=\"2500\" height=\"600\" frameborder=\"0\" style=\"border:0\" allowfullscreen=\"\"><\/iframe>[\/et_pb_code][\/et_pb_column][\/et_pb_row][\/et_pb_section][et_pb_section fb_built=\u00bb1&#8243; _builder_version=\u00bb4.16&#8243; global_colors_info=\u00bb{}\u00bb][et_pb_row _builder_version=\u00bb4.16&#8243; background_size=\u00bbinitial\u00bb background_position=\u00bbtop_left\u00bb background_repeat=\u00bbrepeat\u00bb global_colors_info=\u00bb{}\u00bb][et_pb_column type=\u00bb4_4&#8243; _builder_version=\u00bb4.16&#8243; custom_padding=\u00bb|||\u00bb global_colors_info=\u00bb{}\u00bb custom_padding__hover=\u00bb|||\u00bb][et_pb_text admin_label=\u00bbEN TRANSPORT P\u00daBLIC\u00bb _builder_version=\u00bb4.20.2&#8243; hover_enabled=\u00bb0&#8243; global_colors_info=\u00bb{}\u00bb sticky_enabled=\u00bb0&#8243;]<\/p>\n<h2>EN TRANSPORTE P\u00daBLICO<\/h2>\n<p>[\/et_pb_text][\/et_pb_column][\/et_pb_row][et_pb_row _builder_version=\u00bb4.16&#8243; background_size=\u00bbinitial\u00bb background_position=\u00bbtop_left\u00bb background_repeat=\u00bbrepeat\u00bb global_colors_info=\u00bb{}\u00bb][et_pb_column type=\u00bb4_4&#8243; _builder_version=\u00bb4.16&#8243; custom_padding=\u00bb|||\u00bb global_colors_info=\u00bb{}\u00bb custom_padding__hover=\u00bb|||\u00bb][et_pb_accordion admin_label=\u00bbAcordi\u00f3\u00bb _builder_version=\u00bb4.20.2&#8243; hover_enabled=\u00bb0&#8243; global_colors_info=\u00bb{}\u00bb sticky_enabled=\u00bb0&#8243;][et_pb_accordion_item title=\u00bbDesde el AEROPUERTO DE BARCELONA &#8211; EL PRAT\u00bb open=\u00bbon\u00bb _builder_version=\u00bb4.16&#8243; global_colors_info=\u00bb{}\u00bb]<\/p>\n<p><strong>METRO: L9 Sur<\/strong> (Terminal 1 y Terminal 2). Viajar hasta la estaci\u00f3n <strong>Parc Nou<\/strong>, situada a 550 metros (s\u00f3lo 7 minutos andando hasta el Albergue).&nbsp;<\/p>\n<p><strong>AUTOB\u00daS: PR1<\/strong> (diurno), <strong>N16 y N17<\/strong> (nocturnos). Servicio cubierto 24 horas, los 365 d\u00edas del a\u00f1o. Parada: av. Once de Septiembre (delante de la Comisar\u00eda de Polic\u00eda).<\/p>\n<ul>\n<li>Terminal 1 y 2: <strong>PR1<\/strong> (5:15-23:15 horas de lunes a domingo), cada 30 minutos. Pasajeros que llegan a la terminal 1, es aconsejable tomar la lanzadora gratuita hasta la terminal 2 y all\u00ed tomar el autob\u00fas PR1 (el trayecto es m\u00e1s directo).<\/li>\n<li>Terminal 1: <strong>N17<\/strong> (21:55-04:45 horas de lunes a domingo), cada 20 minutos.&nbsp;<\/li>\n<li>Terminal 2: <strong>N16<\/strong> (23.37-05.11 horas de lunes a domingo), cada 20 minutos.<\/li>\n<\/ul>\n<p>[\/et_pb_accordion_item][et_pb_accordion_item title=\u00bbDesde BARCELONA &#8211; ESTACI\u00d3N DE SANTS\u00bb _builder_version=\u00bb4.16&#8243; global_colors_info=\u00bb{}\u00bb open=\u00bboff\u00bb]<\/p>\n<p><strong>METRO:<\/strong> <strong>L5<\/strong> hasta&nbsp;<strong>Collblanc<\/strong> y transbordo en <strong>L9 Sur<\/strong>. Estaci\u00f3n <strong>&nbsp;Parc Nou<\/strong>, situada a 550 metros (s\u00f3lo 7 minutos andando hasta el Albergue).<\/p>\n<p><strong>TREN: L\u00ednea cercan\u00edas C2 Sur y R2 Sur.<\/strong> Parada en Estaci\u00f3n del Prat de Llobregat.&nbsp; Una vez all\u00ed, <strong>Metro L9<\/strong> y bajar a la estaci\u00f3n Parc Nou; o bien, tomar el autob\u00fas <strong>PR1, PR2 o PR3<\/strong> con parada en la C\/ Riu Llobregat.<\/p>\n<p>[\/et_pb_accordion_item][et_pb_accordion_item title=\u00bbDesde BARCELONA &#8211; PLAZA ESPA\u00d1A\u00bb _builder_version=\u00bb4.16&#8243; global_colors_info=\u00bb{}\u00bb open=\u00bboff\u00bb]<\/p>\n<p><strong>Autob\u00fas 65<\/strong>&nbsp; Parada: C\/Riu Llobregat<\/p>\n<p><strong>Autob\u00fas 165<\/strong>&nbsp; <strong>Pratexpress<\/strong> Parada: Av.Remolar-Riu Guadalquivir<\/p>\n<p>[\/et_pb_accordion_item][et_pb_accordion_item title=\u00bbDesde FIRA DE BARCELONA\u00bb _builder_version=\u00bb4.16&#8243; global_colors_info=\u00bb{}\u00bb open=\u00bboff\u00bb]<\/p>\n<p><strong>METRO: L9 Sur<\/strong> (cerca de la Fira de Barcelona est\u00e1 la parada Fira). Viajar hasta la estaci\u00f3n <strong>Parc Nou<\/strong>, situada a 550 metros (s\u00f3lo 7 minutos andando hasta el Albergue).<\/p>\n<p>[\/et_pb_accordion_item][et_pb_accordion_item title=\u00bbDesde BARCELONA &#8211; CAMP NOU\u00bb _builder_version=\u00bb4.16&#8243; global_colors_info=\u00bb{}\u00bb open=\u00bboff\u00bb]<\/p>\n<p><strong>METRO: L9 Sur<\/strong> (cerca del Camp Nou est\u00e1 la parada Collblanc). Viajar hasta la estaci\u00f3n&nbsp; <strong>Parc Nou<\/strong> , situada a 550 metros (s\u00f3lo 7 minutos andando hasta el Albergue).<\/p>\n<p>[\/et_pb_accordion_item][\/et_pb_accordion][\/et_pb_column][\/et_pb_row][\/et_pb_section][et_pb_section fb_built=\u00bb1&#8243; module_class=\u00bbseccio-som-fundesplai\u00bb _builder_version=\u00bb4.16&#8243; background_color=\u00bb#c3c3c2&#8243; global_colors_info=\u00bb{}\u00bb][et_pb_row column_structure=\u00bb1_3,2_3&#8243; make_equal=\u00bbon\u00bb _builder_version=\u00bb4.16&#8243; max_width=\u00bb1080px\u00bb global_colors_info=\u00bb{}\u00bb][et_pb_column type=\u00bb1_3&#8243; _builder_version=\u00bb4.16&#8243; background_image=\u00bbhttps:\/\/formacio.fundesplai.org\/wp-content\/uploads\/2019\/08\/ninots-1-2.png\u00bb background_size=\u00bbcontain\u00bb background_position=\u00bbbottom_left\u00bb custom_padding=\u00bb|||\u00bb global_colors_info=\u00bb{}\u00bb custom_padding__hover=\u00bb|||\u00bb][\/et_pb_column][et_pb_column type=\u00bb2_3&#8243; _builder_version=\u00bb4.16&#8243; custom_padding=\u00bb50px||50px|50px\u00bb global_colors_info=\u00bb{}\u00bb custom_padding__hover=\u00bb|||\u00bb][et_pb_text admin_label=\u00bbSomos Fundesplai (CA)\u00bb _builder_version=\u00bb4.16&#8243; custom_margin=\u00bb||20px|\u00bb z_index_tablet=\u00bb500&#8243; global_colors_info=\u00bb{}\u00bb]<\/p>\n<h2>\u00a1Somos Fundesplai!<\/h2>\n<p><strong>Somos una entidad sin \u00e1nimo de lucro<\/strong> que trabaja desde hace m\u00e1s de 45 a\u00f1os a favor de la educaci\u00f3n y la felicidad de los ni\u00f1os y las ni\u00f1as, la equidad, la inclusi\u00f3n social, la protecci\u00f3n de la naturaleza y el desarrollo del Tercer Sector.<\/p>\n<p>El albergue Centre Esplai nos ayuda a cumplir con nuestra misi\u00f3n educativa, social y ambiental.<\/p>\n<p>[\/et_pb_text][et_pb_button button_url=\u00bbhttps:\/\/fundesplai.org\/coneix-fundesplai\/\u00bb url_new_window=\u00bbon\u00bb button_text=\u00bbConoce Fundesplai\u00bb admin_label=\u00bbBot\u00f3 Conoce Fundesplai\u00bb _builder_version=\u00bb4.16&#8243; custom_button=\u00bbon\u00bb button_text_color=\u00bb#ffffff\u00bb button_bg_color=\u00bb#666666&#8243; button_icon=\u00bb&#x35;||divi||400&#8243; button_bg_color_hover=\u00bb#666666&#8243; global_colors_info=\u00bb{}\u00bb button_text_size__hover_enabled=\u00bboff\u00bb button_text_size__hover=\u00bbnull\u00bb button_one_text_size__hover_enabled=\u00bboff\u00bb button_one_text_size__hover=\u00bbnull\u00bb button_two_text_size__hover_enabled=\u00bboff\u00bb button_two_text_size__hover=\u00bbnull\u00bb button_text_color__hover_enabled=\u00bboff\u00bb button_text_color__hover=\u00bbnull\u00bb button_one_text_color__hover_enabled=\u00bboff\u00bb button_one_text_color__hover=\u00bbnull\u00bb button_two_text_color__hover_enabled=\u00bboff\u00bb button_two_text_color__hover=\u00bbnull\u00bb button_border_width__hover_enabled=\u00bboff\u00bb button_border_width__hover=\u00bbnull\u00bb button_one_border_width__hover_enabled=\u00bboff\u00bb button_one_border_width__hover=\u00bbnull\u00bb button_two_border_width__hover_enabled=\u00bboff\u00bb button_two_border_width__hover=\u00bbnull\u00bb button_border_color__hover_enabled=\u00bboff\u00bb button_border_color__hover=\u00bbnull\u00bb button_one_border_color__hover_enabled=\u00bboff\u00bb button_one_border_color__hover=\u00bbnull\u00bb button_two_border_color__hover_enabled=\u00bboff\u00bb button_two_border_color__hover=\u00bbnull\u00bb button_border_radius__hover_enabled=\u00bboff\u00bb button_border_radius__hover=\u00bbnull\u00bb button_one_border_radius__hover_enabled=\u00bboff\u00bb button_one_border_radius__hover=\u00bbnull\u00bb button_two_border_radius__hover_enabled=\u00bboff\u00bb button_two_border_radius__hover=\u00bbnull\u00bb button_letter_spacing__hover_enabled=\u00bboff\u00bb button_letter_spacing__hover=\u00bbnull\u00bb button_one_letter_spacing__hover_enabled=\u00bboff\u00bb button_one_letter_spacing__hover=\u00bbnull\u00bb button_two_letter_spacing__hover_enabled=\u00bboff\u00bb button_two_letter_spacing__hover=\u00bbnull\u00bb button_bg_color__hover_enabled=\u00bbon\u00bb button_bg_color__hover=\u00bb#666666&#8243; button_one_bg_color__hover_enabled=\u00bboff\u00bb button_one_bg_color__hover=\u00bbnull\u00bb button_two_bg_color__hover_enabled=\u00bboff\u00bb button_two_bg_color__hover=\u00bbnull\u00bb][\/et_pb_button][\/et_pb_column][\/et_pb_row][\/et_pb_section]<\/p>\n","protected":false},"excerpt":{"rendered":"<p>C\u00d3MO LLEGAREN TRANSPORTE P\u00daBLICOMETRO: L9 Sur (Terminal 1 y Terminal 2). Viajar hasta la estaci\u00f3n Parc Nou, situada a 550 metros (s\u00f3lo 7 minutos andando hasta el Albergue).&nbsp;AUTOB\u00daS: PR1 (diurno), N16 y N17 (nocturnos). Servicio cubierto 24 horas, los 365 d\u00edas del a\u00f1o. Parada: av. Once de Septiembre (delante de la Comisar\u00eda de Polic\u00eda).Terminal 1 [&hellip;]<\/p>\n","protected":false},"author":1,"featured_media":5214,"parent":0,"menu_order":0,"comment_status":"closed","ping_status":"closed","template":"","meta":{"_et_pb_use_builder":"on","_et_pb_old_content":"","_et_gb_content_width":"","footnotes":""},"class_list":["post-33417","page","type-page","status-publish","has-post-thumbnail","hentry"],"yoast_head":"<!-- This site is optimized with the Yoast SEO plugin v27.5 - https:\/\/yoast.com\/product\/yoast-seo-wordpress\/ -->\n<title>C\u00f3mo llegar - Fundesplai Formaci\u00f3<\/title>\n<meta name=\"description\" content=\"Instalaciones de Centro Esplai: Metro L9 Sud - Parc Nou \/ Tren - Estaci\u00f3n del Prat de Llobregat \/ Buses 65, 165, PR1, PR2, PR3.\" \/>\n<meta name=\"robots\" content=\"index, follow, max-snippet:-1, max-image-preview:large, max-video-preview:-1\" \/>\n<link rel=\"canonical\" href=\"https:\/\/formacio.fundesplai.org\/es\/como-llegar\/\" \/>\n<meta property=\"og:locale\" content=\"es_ES\" \/>\n<meta property=\"og:type\" content=\"article\" \/>\n<meta property=\"og:title\" content=\"C\u00f3mo llegar - Fundesplai Formaci\u00f3\" \/>\n<meta property=\"og:description\" content=\"Instalaciones de Centro Esplai: Metro L9 Sud - Parc Nou \/ Tren - Estaci\u00f3n del Prat de Llobregat \/ Buses 65, 165, PR1, PR2, PR3.\" \/>\n<meta property=\"og:url\" content=\"https:\/\/formacio.fundesplai.org\/es\/como-llegar\/\" \/>\n<meta property=\"og:site_name\" content=\"Fundesplai Formaci\u00f3\" \/>\n<meta property=\"article:modified_time\" content=\"2024-09-03T06:55:07+00:00\" \/>\n<meta property=\"og:image\" content=\"https:\/\/formacio.fundesplai.org\/wp-content\/uploads\/2020\/10\/Com-arribar-Web-Fundesplai.jpg\" \/>\n\t<meta property=\"og:image:width\" content=\"1888\" \/>\n\t<meta property=\"og:image:height\" content=\"900\" \/>\n\t<meta property=\"og:image:type\" content=\"image\/jpeg\" \/>\n<meta name=\"twitter:card\" content=\"summary_large_image\" \/>\n<meta name=\"twitter:label1\" content=\"Tiempo de lectura\" \/>\n\t<meta name=\"twitter:data1\" content=\"6 minutos\" \/>\n<script type=\"application\/ld+json\" class=\"yoast-schema-graph\">{\"@context\":\"https:\\\/\\\/schema.org\",\"@graph\":[{\"@type\":\"WebPage\",\"@id\":\"https:\\\/\\\/formacio.fundesplai.org\\\/es\\\/como-llegar\\\/\",\"url\":\"https:\\\/\\\/formacio.fundesplai.org\\\/es\\\/como-llegar\\\/\",\"name\":\"C\u00f3mo llegar - Fundesplai Formaci\u00f3\",\"isPartOf\":{\"@id\":\"https:\\\/\\\/formacio.fundesplai.org\\\/es\\\/#website\"},\"primaryImageOfPage\":{\"@id\":\"https:\\\/\\\/formacio.fundesplai.org\\\/es\\\/como-llegar\\\/#primaryimage\"},\"image\":{\"@id\":\"https:\\\/\\\/formacio.fundesplai.org\\\/es\\\/como-llegar\\\/#primaryimage\"},\"thumbnailUrl\":\"https:\\\/\\\/formacio.fundesplai.org\\\/wp-content\\\/uploads\\\/2020\\\/10\\\/Com-arribar-Web-Fundesplai.jpg\",\"datePublished\":\"2023-07-11T11:59:09+00:00\",\"dateModified\":\"2024-09-03T06:55:07+00:00\",\"description\":\"Instalaciones de Centro Esplai: Metro L9 Sud - Parc Nou \\\/ Tren - Estaci\u00f3n del Prat de Llobregat \\\/ Buses 65, 165, PR1, PR2, PR3.\",\"breadcrumb\":{\"@id\":\"https:\\\/\\\/formacio.fundesplai.org\\\/es\\\/como-llegar\\\/#breadcrumb\"},\"inLanguage\":\"es\",\"potentialAction\":[{\"@type\":\"ReadAction\",\"target\":[\"https:\\\/\\\/formacio.fundesplai.org\\\/es\\\/como-llegar\\\/\"]}]},{\"@type\":\"ImageObject\",\"inLanguage\":\"es\",\"@id\":\"https:\\\/\\\/formacio.fundesplai.org\\\/es\\\/como-llegar\\\/#primaryimage\",\"url\":\"https:\\\/\\\/formacio.fundesplai.org\\\/wp-content\\\/uploads\\\/2020\\\/10\\\/Com-arribar-Web-Fundesplai.jpg\",\"contentUrl\":\"https:\\\/\\\/formacio.fundesplai.org\\\/wp-content\\\/uploads\\\/2020\\\/10\\\/Com-arribar-Web-Fundesplai.jpg\",\"width\":1888,\"height\":900,\"caption\":\"Com arribar Web Fundesplai\"},{\"@type\":\"BreadcrumbList\",\"@id\":\"https:\\\/\\\/formacio.fundesplai.org\\\/es\\\/como-llegar\\\/#breadcrumb\",\"itemListElement\":[{\"@type\":\"ListItem\",\"position\":1,\"name\":\"Inici\",\"item\":\"https:\\\/\\\/formacio.fundesplai.org\\\/es\\\/inicio\\\/\"},{\"@type\":\"ListItem\",\"position\":2,\"name\":\"C\u00f3mo llegar\"}]},{\"@type\":\"WebSite\",\"@id\":\"https:\\\/\\\/formacio.fundesplai.org\\\/es\\\/#website\",\"url\":\"https:\\\/\\\/formacio.fundesplai.org\\\/es\\\/\",\"name\":\"Fundesplai Formaci\u00f3\",\"description\":\"\",\"potentialAction\":[{\"@type\":\"SearchAction\",\"target\":{\"@type\":\"EntryPoint\",\"urlTemplate\":\"https:\\\/\\\/formacio.fundesplai.org\\\/es\\\/?s={search_term_string}\"},\"query-input\":{\"@type\":\"PropertyValueSpecification\",\"valueRequired\":true,\"valueName\":\"search_term_string\"}}],\"inLanguage\":\"es\"}]}<\/script>\n<!-- \/ Yoast SEO plugin. -->","yoast_head_json":{"title":"C\u00f3mo llegar - Fundesplai Formaci\u00f3","description":"Instalaciones de Centro Esplai: Metro L9 Sud - Parc Nou \/ Tren - Estaci\u00f3n del Prat de Llobregat \/ Buses 65, 165, PR1, PR2, PR3.","robots":{"index":"index","follow":"follow","max-snippet":"max-snippet:-1","max-image-preview":"max-image-preview:large","max-video-preview":"max-video-preview:-1"},"canonical":"https:\/\/formacio.fundesplai.org\/es\/como-llegar\/","og_locale":"es_ES","og_type":"article","og_title":"C\u00f3mo llegar - Fundesplai Formaci\u00f3","og_description":"Instalaciones de Centro Esplai: Metro L9 Sud - Parc Nou \/ Tren - Estaci\u00f3n del Prat de Llobregat \/ Buses 65, 165, PR1, PR2, PR3.","og_url":"https:\/\/formacio.fundesplai.org\/es\/como-llegar\/","og_site_name":"Fundesplai Formaci\u00f3","article_modified_time":"2024-09-03T06:55:07+00:00","og_image":[{"width":1888,"height":900,"url":"https:\/\/formacio.fundesplai.org\/wp-content\/uploads\/2020\/10\/Com-arribar-Web-Fundesplai.jpg","type":"image\/jpeg"}],"twitter_card":"summary_large_image","twitter_misc":{"Tiempo de lectura":"6 minutos"},"schema":{"@context":"https:\/\/schema.org","@graph":[{"@type":"WebPage","@id":"https:\/\/formacio.fundesplai.org\/es\/como-llegar\/","url":"https:\/\/formacio.fundesplai.org\/es\/como-llegar\/","name":"C\u00f3mo llegar - Fundesplai Formaci\u00f3","isPartOf":{"@id":"https:\/\/formacio.fundesplai.org\/es\/#website"},"primaryImageOfPage":{"@id":"https:\/\/formacio.fundesplai.org\/es\/como-llegar\/#primaryimage"},"image":{"@id":"https:\/\/formacio.fundesplai.org\/es\/como-llegar\/#primaryimage"},"thumbnailUrl":"https:\/\/formacio.fundesplai.org\/wp-content\/uploads\/2020\/10\/Com-arribar-Web-Fundesplai.jpg","datePublished":"2023-07-11T11:59:09+00:00","dateModified":"2024-09-03T06:55:07+00:00","description":"Instalaciones de Centro Esplai: Metro L9 Sud - Parc Nou \/ Tren - Estaci\u00f3n del Prat de Llobregat \/ Buses 65, 165, PR1, PR2, PR3.","breadcrumb":{"@id":"https:\/\/formacio.fundesplai.org\/es\/como-llegar\/#breadcrumb"},"inLanguage":"es","potentialAction":[{"@type":"ReadAction","target":["https:\/\/formacio.fundesplai.org\/es\/como-llegar\/"]}]},{"@type":"ImageObject","inLanguage":"es","@id":"https:\/\/formacio.fundesplai.org\/es\/como-llegar\/#primaryimage","url":"https:\/\/formacio.fundesplai.org\/wp-content\/uploads\/2020\/10\/Com-arribar-Web-Fundesplai.jpg","contentUrl":"https:\/\/formacio.fundesplai.org\/wp-content\/uploads\/2020\/10\/Com-arribar-Web-Fundesplai.jpg","width":1888,"height":900,"caption":"Com arribar Web Fundesplai"},{"@type":"BreadcrumbList","@id":"https:\/\/formacio.fundesplai.org\/es\/como-llegar\/#breadcrumb","itemListElement":[{"@type":"ListItem","position":1,"name":"Inici","item":"https:\/\/formacio.fundesplai.org\/es\/inicio\/"},{"@type":"ListItem","position":2,"name":"C\u00f3mo llegar"}]},{"@type":"WebSite","@id":"https:\/\/formacio.fundesplai.org\/es\/#website","url":"https:\/\/formacio.fundesplai.org\/es\/","name":"Fundesplai Formaci\u00f3","description":"","potentialAction":[{"@type":"SearchAction","target":{"@type":"EntryPoint","urlTemplate":"https:\/\/formacio.fundesplai.org\/es\/?s={search_term_string}"},"query-input":{"@type":"PropertyValueSpecification","valueRequired":true,"valueName":"search_term_string"}}],"inLanguage":"es"}]}},"_links":{"self":[{"href":"https:\/\/formacio.fundesplai.org\/es\/wp-json\/wp\/v2\/pages\/33417","targetHints":{"allow":["GET"]}}],"collection":[{"href":"https:\/\/formacio.fundesplai.org\/es\/wp-json\/wp\/v2\/pages"}],"about":[{"href":"https:\/\/formacio.fundesplai.org\/es\/wp-json\/wp\/v2\/types\/page"}],"author":[{"embeddable":true,"href":"https:\/\/formacio.fundesplai.org\/es\/wp-json\/wp\/v2\/users\/1"}],"replies":[{"embeddable":true,"href":"https:\/\/formacio.fundesplai.org\/es\/wp-json\/wp\/v2\/comments?post=33417"}],"version-history":[{"count":8,"href":"https:\/\/formacio.fundesplai.org\/es\/wp-json\/wp\/v2\/pages\/33417\/revisions"}],"predecessor-version":[{"id":46744,"href":"https:\/\/formacio.fundesplai.org\/es\/wp-json\/wp\/v2\/pages\/33417\/revisions\/46744"}],"wp:featuredmedia":[{"embeddable":true,"href":"https:\/\/formacio.fundesplai.org\/es\/wp-json\/wp\/v2\/media\/5214"}],"wp:attachment":[{"href":"https:\/\/formacio.fundesplai.org\/es\/wp-json\/wp\/v2\/media?parent=33417"}],"curies":[{"name":"wp","href":"https:\/\/api.w.org\/{rel}","templated":true}]}}