{"id":33462,"date":"2022-08-23T11:23:34","date_gmt":"2022-08-23T09:23:34","guid":{"rendered":"https:\/\/formacio.fundesplai.org\/cursos\/sin%20categor\u00eda\/curso-de-coaching-de-fortalezas-subvencionado\/"},"modified":"2026-01-30T09:31:40","modified_gmt":"2026-01-30T08:31:40","slug":"curso-coaching-de-fortalezas-subvencionado-online","status":"publish","type":"product","link":"https:\/\/formacio.fundesplai.org\/es\/cursos-es\/accionsocialycomunitaria\/curso-coaching-de-fortalezas-subvencionado-online\/","title":{"rendered":"Curso de Coaching de Fortalezas online subvencionado"},"excerpt":{"rendered":"<p>\u00a1Descubre tus fortalezas a trav\u00e9s del coaching!<\/p>\n","protected":false},"featured_media":62347,"comment_status":"closed","ping_status":"closed","template":"","meta":{"_et_pb_use_builder":"","_et_pb_old_content":"","_et_gb_content_width":""},"product_brand":[],"product_cat":[89,675,700],"product_tag":[702,701],"class_list":{"0":"post-33462","1":"product","2":"type-product","3":"status-publish","4":"has-post-thumbnail","6":"product_cat-accionsocialycomunitaria","7":"product_cat-educacioncat","8":"product_cat-habilidadesinterpersonales","9":"product_tag-coaching-es","10":"product_tag-liderazgo","12":"first","13":"instock","14":"virtual","15":"sold-individually","16":"taxable","17":"product-type-simple"},"yoast_head":"<!-- This site is optimized with the Yoast SEO plugin v27.6 - https:\/\/yoast.com\/product\/yoast-seo-wordpress\/ -->\n<title>Curso de Coaching de Fortalezas online subvencionado - Fundesplai Formaci\u00f3<\/title>\n<meta name=\"description\" content=\"\u00a1Descubre cu\u00e1les son tus puntos fuertes y potencialos a\u00fan m\u00e1s con las herramientas del coaching en este curso subvencionado para trabajadores en activo!\" \/>\n<meta name=\"robots\" content=\"index, follow, max-snippet:-1, max-image-preview:large, max-video-preview:-1\" \/>\n<link rel=\"canonical\" href=\"https:\/\/formacio.fundesplai.org\/es\/cursos-es\/accionsocialycomunitaria\/curso-coaching-de-fortalezas-subvencionado-online\/\" \/>\n<meta property=\"og:locale\" content=\"es_ES\" \/>\n<meta property=\"og:type\" content=\"article\" \/>\n<meta property=\"og:title\" content=\"Curso de Coaching de Fortalezas online subvencionado - Fundesplai Formaci\u00f3\" \/>\n<meta property=\"og:description\" content=\"\u00a1Descubre cu\u00e1les son tus puntos fuertes y potencialos a\u00fan m\u00e1s con las herramientas del coaching en este curso subvencionado para trabajadores en activo!\" \/>\n<meta property=\"og:url\" content=\"https:\/\/formacio.fundesplai.org\/es\/cursos-es\/accionsocialycomunitaria\/curso-coaching-de-fortalezas-subvencionado-online\/\" \/>\n<meta property=\"og:site_name\" content=\"Fundesplai Formaci\u00f3\" \/>\n<meta property=\"article:modified_time\" content=\"2026-01-30T08:31:40+00:00\" \/>\n<meta property=\"og:image\" content=\"https:\/\/formacio.fundesplai.org\/wp-content\/uploads\/2022\/08\/Curs-de-coaching-de-fortaleses.webp\" \/>\n\t<meta property=\"og:image:width\" content=\"1888\" \/>\n\t<meta property=\"og:image:height\" content=\"900\" \/>\n\t<meta property=\"og:image:type\" content=\"image\/webp\" \/>\n<meta name=\"twitter:card\" content=\"summary_large_image\" \/>\n<script type=\"application\/ld+json\" class=\"yoast-schema-graph\">{\"@context\":\"https:\\\/\\\/schema.org\",\"@graph\":[{\"@type\":\"WebPage\",\"@id\":\"https:\\\/\\\/formacio.fundesplai.org\\\/es\\\/cursos-es\\\/accionsocialycomunitaria\\\/curso-coaching-de-fortalezas-subvencionado-online\\\/\",\"url\":\"https:\\\/\\\/formacio.fundesplai.org\\\/es\\\/cursos-es\\\/accionsocialycomunitaria\\\/curso-coaching-de-fortalezas-subvencionado-online\\\/\",\"name\":\"Curso de Coaching de Fortalezas online subvencionado - Fundesplai Formaci\u00f3\",\"isPartOf\":{\"@id\":\"https:\\\/\\\/formacio.fundesplai.org\\\/es\\\/#website\"},\"primaryImageOfPage\":{\"@id\":\"https:\\\/\\\/formacio.fundesplai.org\\\/es\\\/cursos-es\\\/accionsocialycomunitaria\\\/curso-coaching-de-fortalezas-subvencionado-online\\\/#primaryimage\"},\"image\":{\"@id\":\"https:\\\/\\\/formacio.fundesplai.org\\\/es\\\/cursos-es\\\/accionsocialycomunitaria\\\/curso-coaching-de-fortalezas-subvencionado-online\\\/#primaryimage\"},\"thumbnailUrl\":\"https:\\\/\\\/formacio.fundesplai.org\\\/wp-content\\\/uploads\\\/2022\\\/08\\\/Curs-de-coaching-de-fortaleses.webp\",\"datePublished\":\"2022-08-23T09:23:34+00:00\",\"dateModified\":\"2026-01-30T08:31:40+00:00\",\"description\":\"\u00a1Descubre cu\u00e1les son tus puntos fuertes y potencialos a\u00fan m\u00e1s con las herramientas del coaching en este curso subvencionado para trabajadores en activo!\",\"breadcrumb\":{\"@id\":\"https:\\\/\\\/formacio.fundesplai.org\\\/es\\\/cursos-es\\\/accionsocialycomunitaria\\\/curso-coaching-de-fortalezas-subvencionado-online\\\/#breadcrumb\"},\"inLanguage\":\"es\",\"potentialAction\":[{\"@type\":\"ReadAction\",\"target\":[\"https:\\\/\\\/formacio.fundesplai.org\\\/es\\\/cursos-es\\\/accionsocialycomunitaria\\\/curso-coaching-de-fortalezas-subvencionado-online\\\/\"]}]},{\"@type\":\"ImageObject\",\"inLanguage\":\"es\",\"@id\":\"https:\\\/\\\/formacio.fundesplai.org\\\/es\\\/cursos-es\\\/accionsocialycomunitaria\\\/curso-coaching-de-fortalezas-subvencionado-online\\\/#primaryimage\",\"url\":\"https:\\\/\\\/formacio.fundesplai.org\\\/wp-content\\\/uploads\\\/2022\\\/08\\\/Curs-de-coaching-de-fortaleses.webp\",\"contentUrl\":\"https:\\\/\\\/formacio.fundesplai.org\\\/wp-content\\\/uploads\\\/2022\\\/08\\\/Curs-de-coaching-de-fortaleses.webp\",\"width\":1888,\"height\":900,\"caption\":\"Proceso de crecimiento de una planta para ilustrar el curso de coaching de fortalezas\"},{\"@type\":\"BreadcrumbList\",\"@id\":\"https:\\\/\\\/formacio.fundesplai.org\\\/es\\\/cursos-es\\\/accionsocialycomunitaria\\\/curso-coaching-de-fortalezas-subvencionado-online\\\/#breadcrumb\",\"itemListElement\":[{\"@type\":\"ListItem\",\"position\":1,\"name\":\"Inici\",\"item\":\"https:\\\/\\\/formacio.fundesplai.org\\\/es\\\/inicio\\\/\"},{\"@type\":\"ListItem\",\"position\":2,\"name\":\"Encuentra tu curso\",\"item\":\"https:\\\/\\\/formacio.fundesplai.org\\\/es\\\/cursos\\\/\"},{\"@type\":\"ListItem\",\"position\":3,\"name\":\"Habilidades interpersonales\",\"item\":\"https:\\\/\\\/formacio.fundesplai.org\\\/es\\\/cursos\\\/habilidadesinterpersonales\\\/\"},{\"@type\":\"ListItem\",\"position\":4,\"name\":\"Curso de Coaching de Fortalezas online subvencionado\"}]},{\"@type\":\"WebSite\",\"@id\":\"https:\\\/\\\/formacio.fundesplai.org\\\/es\\\/#website\",\"url\":\"https:\\\/\\\/formacio.fundesplai.org\\\/es\\\/\",\"name\":\"Fundesplai Formaci\u00f3\",\"description\":\"\",\"potentialAction\":[{\"@type\":\"SearchAction\",\"target\":{\"@type\":\"EntryPoint\",\"urlTemplate\":\"https:\\\/\\\/formacio.fundesplai.org\\\/es\\\/?s={search_term_string}\"},\"query-input\":{\"@type\":\"PropertyValueSpecification\",\"valueRequired\":true,\"valueName\":\"search_term_string\"}}],\"inLanguage\":\"es\"}]}<\/script>\n<!-- \/ Yoast SEO plugin. -->","yoast_head_json":{"title":"Curso de Coaching de Fortalezas online subvencionado - Fundesplai Formaci\u00f3","description":"\u00a1Descubre cu\u00e1les son tus puntos fuertes y potencialos a\u00fan m\u00e1s con las herramientas del coaching en este curso subvencionado para trabajadores en activo!","robots":{"index":"index","follow":"follow","max-snippet":"max-snippet:-1","max-image-preview":"max-image-preview:large","max-video-preview":"max-video-preview:-1"},"canonical":"https:\/\/formacio.fundesplai.org\/es\/cursos-es\/accionsocialycomunitaria\/curso-coaching-de-fortalezas-subvencionado-online\/","og_locale":"es_ES","og_type":"article","og_title":"Curso de Coaching de Fortalezas online subvencionado - Fundesplai Formaci\u00f3","og_description":"\u00a1Descubre cu\u00e1les son tus puntos fuertes y potencialos a\u00fan m\u00e1s con las herramientas del coaching en este curso subvencionado para trabajadores en activo!","og_url":"https:\/\/formacio.fundesplai.org\/es\/cursos-es\/accionsocialycomunitaria\/curso-coaching-de-fortalezas-subvencionado-online\/","og_site_name":"Fundesplai Formaci\u00f3","article_modified_time":"2026-01-30T08:31:40+00:00","og_image":[{"width":1888,"height":900,"url":"https:\/\/formacio.fundesplai.org\/wp-content\/uploads\/2022\/08\/Curs-de-coaching-de-fortaleses.webp","type":"image\/webp"}],"twitter_card":"summary_large_image","schema":{"@context":"https:\/\/schema.org","@graph":[{"@type":"WebPage","@id":"https:\/\/formacio.fundesplai.org\/es\/cursos-es\/accionsocialycomunitaria\/curso-coaching-de-fortalezas-subvencionado-online\/","url":"https:\/\/formacio.fundesplai.org\/es\/cursos-es\/accionsocialycomunitaria\/curso-coaching-de-fortalezas-subvencionado-online\/","name":"Curso de Coaching de Fortalezas online subvencionado - Fundesplai Formaci\u00f3","isPartOf":{"@id":"https:\/\/formacio.fundesplai.org\/es\/#website"},"primaryImageOfPage":{"@id":"https:\/\/formacio.fundesplai.org\/es\/cursos-es\/accionsocialycomunitaria\/curso-coaching-de-fortalezas-subvencionado-online\/#primaryimage"},"image":{"@id":"https:\/\/formacio.fundesplai.org\/es\/cursos-es\/accionsocialycomunitaria\/curso-coaching-de-fortalezas-subvencionado-online\/#primaryimage"},"thumbnailUrl":"https:\/\/formacio.fundesplai.org\/wp-content\/uploads\/2022\/08\/Curs-de-coaching-de-fortaleses.webp","datePublished":"2022-08-23T09:23:34+00:00","dateModified":"2026-01-30T08:31:40+00:00","description":"\u00a1Descubre cu\u00e1les son tus puntos fuertes y potencialos a\u00fan m\u00e1s con las herramientas del coaching en este curso subvencionado para trabajadores en activo!","breadcrumb":{"@id":"https:\/\/formacio.fundesplai.org\/es\/cursos-es\/accionsocialycomunitaria\/curso-coaching-de-fortalezas-subvencionado-online\/#breadcrumb"},"inLanguage":"es","potentialAction":[{"@type":"ReadAction","target":["https:\/\/formacio.fundesplai.org\/es\/cursos-es\/accionsocialycomunitaria\/curso-coaching-de-fortalezas-subvencionado-online\/"]}]},{"@type":"ImageObject","inLanguage":"es","@id":"https:\/\/formacio.fundesplai.org\/es\/cursos-es\/accionsocialycomunitaria\/curso-coaching-de-fortalezas-subvencionado-online\/#primaryimage","url":"https:\/\/formacio.fundesplai.org\/wp-content\/uploads\/2022\/08\/Curs-de-coaching-de-fortaleses.webp","contentUrl":"https:\/\/formacio.fundesplai.org\/wp-content\/uploads\/2022\/08\/Curs-de-coaching-de-fortaleses.webp","width":1888,"height":900,"caption":"Proceso de crecimiento de una planta para ilustrar el curso de coaching de fortalezas"},{"@type":"BreadcrumbList","@id":"https:\/\/formacio.fundesplai.org\/es\/cursos-es\/accionsocialycomunitaria\/curso-coaching-de-fortalezas-subvencionado-online\/#breadcrumb","itemListElement":[{"@type":"ListItem","position":1,"name":"Inici","item":"https:\/\/formacio.fundesplai.org\/es\/inicio\/"},{"@type":"ListItem","position":2,"name":"Encuentra tu curso","item":"https:\/\/formacio.fundesplai.org\/es\/cursos\/"},{"@type":"ListItem","position":3,"name":"Habilidades interpersonales","item":"https:\/\/formacio.fundesplai.org\/es\/cursos\/habilidadesinterpersonales\/"},{"@type":"ListItem","position":4,"name":"Curso de Coaching de Fortalezas online subvencionado"}]},{"@type":"WebSite","@id":"https:\/\/formacio.fundesplai.org\/es\/#website","url":"https:\/\/formacio.fundesplai.org\/es\/","name":"Fundesplai Formaci\u00f3","description":"","potentialAction":[{"@type":"SearchAction","target":{"@type":"EntryPoint","urlTemplate":"https:\/\/formacio.fundesplai.org\/es\/?s={search_term_string}"},"query-input":{"@type":"PropertyValueSpecification","valueRequired":true,"valueName":"search_term_string"}}],"inLanguage":"es"}]}},"_links":{"self":[{"href":"https:\/\/formacio.fundesplai.org\/es\/wp-json\/wp\/v2\/product\/33462","targetHints":{"allow":["GET"]}}],"collection":[{"href":"https:\/\/formacio.fundesplai.org\/es\/wp-json\/wp\/v2\/product"}],"about":[{"href":"https:\/\/formacio.fundesplai.org\/es\/wp-json\/wp\/v2\/types\/product"}],"replies":[{"embeddable":true,"href":"https:\/\/formacio.fundesplai.org\/es\/wp-json\/wp\/v2\/comments?post=33462"}],"wp:featuredmedia":[{"embeddable":true,"href":"https:\/\/formacio.fundesplai.org\/es\/wp-json\/wp\/v2\/media\/62347"}],"wp:attachment":[{"href":"https:\/\/formacio.fundesplai.org\/es\/wp-json\/wp\/v2\/media?parent=33462"}],"wp:term":[{"taxonomy":"product_brand","embeddable":true,"href":"https:\/\/formacio.fundesplai.org\/es\/wp-json\/wp\/v2\/product_brand?post=33462"},{"taxonomy":"product_cat","embeddable":true,"href":"https:\/\/formacio.fundesplai.org\/es\/wp-json\/wp\/v2\/product_cat?post=33462"},{"taxonomy":"product_tag","embeddable":true,"href":"https:\/\/formacio.fundesplai.org\/es\/wp-json\/wp\/v2\/product_tag?post=33462"}],"curies":[{"name":"wp","href":"https:\/\/api.w.org\/{rel}","templated":true}]}}