{"id":33557,"date":"2021-01-25T13:52:39","date_gmt":"2023-07-13T10:08:05","guid":{"rendered":"https:\/\/formacio.fundesplai.org\/cursos\/sin%20categor\u00eda\/curso-de-cocina-de-aprovechamiento-subvencionado\/"},"modified":"2024-03-08T13:13:13","modified_gmt":"2024-03-08T12:13:13","slug":"curso-de-aprovechamiento-y-reciclaje-subvencionado","status":"publish","type":"product","link":"https:\/\/formacio.fundesplai.org\/es\/cursos-es\/restauracionyhostaleria\/curso-de-aprovechamiento-y-reciclaje-subvencionado\/","title":{"rendered":"Curso de Aprovechamiento y Reciclaje de materias primas subvencionado"},"excerpt":{"rendered":"<p><strong>Aprende a reducir el desperdicio ya elaborar platos deliciosos con alimentos aprovechados<\/strong><\/p>\n","protected":false},"featured_media":7203,"comment_status":"closed","ping_status":"closed","template":"","meta":{"_et_pb_use_builder":"","_et_pb_old_content":"","_et_gb_content_width":""},"product_brand":[],"product_cat":[86],"product_tag":[763,537],"class_list":{"0":"post-33557","1":"product","2":"type-product","3":"status-publish","4":"has-post-thumbnail","6":"product_cat-restauracionyhostaleria","7":"product_tag-aprovechamiento","8":"product_tag-cocina","10":"first","11":"instock","12":"virtual","13":"sold-individually","14":"taxable","15":"product-type-simple"},"yoast_head":"<!-- This site is optimized with the Yoast SEO plugin v27.5 - https:\/\/yoast.com\/product\/yoast-seo-wordpress\/ -->\n<title>Curso de Aprovechamiento y Reciclaje de materias primas subvencionado - Fundesplai Formaci\u00f3<\/title>\n<meta name=\"description\" content=\"En el curso de aprovechamiento y reciclaje de materias primas aprender\u00e1s t\u00e9cnicas de conservaci\u00f3n y reaprovechamiento, as\u00ed como a planificar tus compras.\" \/>\n<meta name=\"robots\" content=\"index, follow, max-snippet:-1, max-image-preview:large, max-video-preview:-1\" \/>\n<link rel=\"canonical\" href=\"https:\/\/formacio.fundesplai.org\/es\/cursos-es\/restauracionyhostaleria\/curso-de-aprovechamiento-y-reciclaje-subvencionado\/\" \/>\n<meta property=\"og:locale\" content=\"es_ES\" \/>\n<meta property=\"og:type\" content=\"article\" \/>\n<meta property=\"og:title\" content=\"Curso de Aprovechamiento y Reciclaje de materias primas subvencionado - Fundesplai Formaci\u00f3\" \/>\n<meta property=\"og:description\" content=\"En el curso de aprovechamiento y reciclaje de materias primas aprender\u00e1s t\u00e9cnicas de conservaci\u00f3n y reaprovechamiento, as\u00ed como a planificar tus compras.\" \/>\n<meta property=\"og:url\" content=\"https:\/\/formacio.fundesplai.org\/es\/cursos-es\/restauracionyhostaleria\/curso-de-aprovechamiento-y-reciclaje-subvencionado\/\" \/>\n<meta property=\"og:site_name\" content=\"Fundesplai Formaci\u00f3\" \/>\n<meta property=\"article:modified_time\" content=\"2024-03-08T12:13:13+00:00\" \/>\n<meta property=\"og:image\" content=\"https:\/\/formacio.fundesplai.org\/wp-content\/uploads\/2021\/01\/potatoes-5148560_1920.jpg\" \/>\n\t<meta property=\"og:image:width\" content=\"1920\" \/>\n\t<meta property=\"og:image:height\" content=\"1280\" \/>\n\t<meta property=\"og:image:type\" content=\"image\/jpeg\" \/>\n<meta name=\"twitter:card\" content=\"summary_large_image\" \/>\n<script type=\"application\/ld+json\" class=\"yoast-schema-graph\">{\"@context\":\"https:\\\/\\\/schema.org\",\"@graph\":[{\"@type\":\"WebPage\",\"@id\":\"https:\\\/\\\/formacio.fundesplai.org\\\/es\\\/cursos-es\\\/restauracionyhostaleria\\\/curso-de-aprovechamiento-y-reciclaje-subvencionado\\\/\",\"url\":\"https:\\\/\\\/formacio.fundesplai.org\\\/es\\\/cursos-es\\\/restauracionyhostaleria\\\/curso-de-aprovechamiento-y-reciclaje-subvencionado\\\/\",\"name\":\"Curso de Aprovechamiento y Reciclaje de materias primas subvencionado - Fundesplai Formaci\u00f3\",\"isPartOf\":{\"@id\":\"https:\\\/\\\/formacio.fundesplai.org\\\/es\\\/#website\"},\"primaryImageOfPage\":{\"@id\":\"https:\\\/\\\/formacio.fundesplai.org\\\/es\\\/cursos-es\\\/restauracionyhostaleria\\\/curso-de-aprovechamiento-y-reciclaje-subvencionado\\\/#primaryimage\"},\"image\":{\"@id\":\"https:\\\/\\\/formacio.fundesplai.org\\\/es\\\/cursos-es\\\/restauracionyhostaleria\\\/curso-de-aprovechamiento-y-reciclaje-subvencionado\\\/#primaryimage\"},\"thumbnailUrl\":\"https:\\\/\\\/formacio.fundesplai.org\\\/wp-content\\\/uploads\\\/2021\\\/01\\\/potatoes-5148560_1920.jpg\",\"datePublished\":\"2023-07-13T10:08:05+00:00\",\"dateModified\":\"2024-03-08T12:13:13+00:00\",\"description\":\"En el curso de aprovechamiento y reciclaje de materias primas aprender\u00e1s t\u00e9cnicas de conservaci\u00f3n y reaprovechamiento, as\u00ed como a planificar tus compras.\",\"breadcrumb\":{\"@id\":\"https:\\\/\\\/formacio.fundesplai.org\\\/es\\\/cursos-es\\\/restauracionyhostaleria\\\/curso-de-aprovechamiento-y-reciclaje-subvencionado\\\/#breadcrumb\"},\"inLanguage\":\"es\",\"potentialAction\":[{\"@type\":\"ReadAction\",\"target\":[\"https:\\\/\\\/formacio.fundesplai.org\\\/es\\\/cursos-es\\\/restauracionyhostaleria\\\/curso-de-aprovechamiento-y-reciclaje-subvencionado\\\/\"]}]},{\"@type\":\"ImageObject\",\"inLanguage\":\"es\",\"@id\":\"https:\\\/\\\/formacio.fundesplai.org\\\/es\\\/cursos-es\\\/restauracionyhostaleria\\\/curso-de-aprovechamiento-y-reciclaje-subvencionado\\\/#primaryimage\",\"url\":\"https:\\\/\\\/formacio.fundesplai.org\\\/wp-content\\\/uploads\\\/2021\\\/01\\\/potatoes-5148560_1920.jpg\",\"contentUrl\":\"https:\\\/\\\/formacio.fundesplai.org\\\/wp-content\\\/uploads\\\/2021\\\/01\\\/potatoes-5148560_1920.jpg\",\"width\":1920,\"height\":1280,\"caption\":\"curs cuina aprofitament Fundesplai\"},{\"@type\":\"BreadcrumbList\",\"@id\":\"https:\\\/\\\/formacio.fundesplai.org\\\/es\\\/cursos-es\\\/restauracionyhostaleria\\\/curso-de-aprovechamiento-y-reciclaje-subvencionado\\\/#breadcrumb\",\"itemListElement\":[{\"@type\":\"ListItem\",\"position\":1,\"name\":\"Inici\",\"item\":\"https:\\\/\\\/formacio.fundesplai.org\\\/es\\\/inicio\\\/\"},{\"@type\":\"ListItem\",\"position\":2,\"name\":\"Encuentra tu curso\",\"item\":\"https:\\\/\\\/formacio.fundesplai.org\\\/es\\\/cursos\\\/\"},{\"@type\":\"ListItem\",\"position\":3,\"name\":\"Restauraci\u00f3n y hostaleria\",\"item\":\"https:\\\/\\\/formacio.fundesplai.org\\\/es\\\/cursos\\\/restauracionyhostaleria\\\/\"},{\"@type\":\"ListItem\",\"position\":4,\"name\":\"Curso de Aprovechamiento y Reciclaje de materias primas subvencionado\"}]},{\"@type\":\"WebSite\",\"@id\":\"https:\\\/\\\/formacio.fundesplai.org\\\/es\\\/#website\",\"url\":\"https:\\\/\\\/formacio.fundesplai.org\\\/es\\\/\",\"name\":\"Fundesplai Formaci\u00f3\",\"description\":\"\",\"potentialAction\":[{\"@type\":\"SearchAction\",\"target\":{\"@type\":\"EntryPoint\",\"urlTemplate\":\"https:\\\/\\\/formacio.fundesplai.org\\\/es\\\/?s={search_term_string}\"},\"query-input\":{\"@type\":\"PropertyValueSpecification\",\"valueRequired\":true,\"valueName\":\"search_term_string\"}}],\"inLanguage\":\"es\"}]}<\/script>\n<!-- \/ Yoast SEO plugin. -->","yoast_head_json":{"title":"Curso de Aprovechamiento y Reciclaje de materias primas subvencionado - Fundesplai Formaci\u00f3","description":"En el curso de aprovechamiento y reciclaje de materias primas aprender\u00e1s t\u00e9cnicas de conservaci\u00f3n y reaprovechamiento, as\u00ed como a planificar tus compras.","robots":{"index":"index","follow":"follow","max-snippet":"max-snippet:-1","max-image-preview":"max-image-preview:large","max-video-preview":"max-video-preview:-1"},"canonical":"https:\/\/formacio.fundesplai.org\/es\/cursos-es\/restauracionyhostaleria\/curso-de-aprovechamiento-y-reciclaje-subvencionado\/","og_locale":"es_ES","og_type":"article","og_title":"Curso de Aprovechamiento y Reciclaje de materias primas subvencionado - Fundesplai Formaci\u00f3","og_description":"En el curso de aprovechamiento y reciclaje de materias primas aprender\u00e1s t\u00e9cnicas de conservaci\u00f3n y reaprovechamiento, as\u00ed como a planificar tus compras.","og_url":"https:\/\/formacio.fundesplai.org\/es\/cursos-es\/restauracionyhostaleria\/curso-de-aprovechamiento-y-reciclaje-subvencionado\/","og_site_name":"Fundesplai Formaci\u00f3","article_modified_time":"2024-03-08T12:13:13+00:00","og_image":[{"width":1920,"height":1280,"url":"https:\/\/formacio.fundesplai.org\/wp-content\/uploads\/2021\/01\/potatoes-5148560_1920.jpg","type":"image\/jpeg"}],"twitter_card":"summary_large_image","schema":{"@context":"https:\/\/schema.org","@graph":[{"@type":"WebPage","@id":"https:\/\/formacio.fundesplai.org\/es\/cursos-es\/restauracionyhostaleria\/curso-de-aprovechamiento-y-reciclaje-subvencionado\/","url":"https:\/\/formacio.fundesplai.org\/es\/cursos-es\/restauracionyhostaleria\/curso-de-aprovechamiento-y-reciclaje-subvencionado\/","name":"Curso de Aprovechamiento y Reciclaje de materias primas subvencionado - Fundesplai Formaci\u00f3","isPartOf":{"@id":"https:\/\/formacio.fundesplai.org\/es\/#website"},"primaryImageOfPage":{"@id":"https:\/\/formacio.fundesplai.org\/es\/cursos-es\/restauracionyhostaleria\/curso-de-aprovechamiento-y-reciclaje-subvencionado\/#primaryimage"},"image":{"@id":"https:\/\/formacio.fundesplai.org\/es\/cursos-es\/restauracionyhostaleria\/curso-de-aprovechamiento-y-reciclaje-subvencionado\/#primaryimage"},"thumbnailUrl":"https:\/\/formacio.fundesplai.org\/wp-content\/uploads\/2021\/01\/potatoes-5148560_1920.jpg","datePublished":"2023-07-13T10:08:05+00:00","dateModified":"2024-03-08T12:13:13+00:00","description":"En el curso de aprovechamiento y reciclaje de materias primas aprender\u00e1s t\u00e9cnicas de conservaci\u00f3n y reaprovechamiento, as\u00ed como a planificar tus compras.","breadcrumb":{"@id":"https:\/\/formacio.fundesplai.org\/es\/cursos-es\/restauracionyhostaleria\/curso-de-aprovechamiento-y-reciclaje-subvencionado\/#breadcrumb"},"inLanguage":"es","potentialAction":[{"@type":"ReadAction","target":["https:\/\/formacio.fundesplai.org\/es\/cursos-es\/restauracionyhostaleria\/curso-de-aprovechamiento-y-reciclaje-subvencionado\/"]}]},{"@type":"ImageObject","inLanguage":"es","@id":"https:\/\/formacio.fundesplai.org\/es\/cursos-es\/restauracionyhostaleria\/curso-de-aprovechamiento-y-reciclaje-subvencionado\/#primaryimage","url":"https:\/\/formacio.fundesplai.org\/wp-content\/uploads\/2021\/01\/potatoes-5148560_1920.jpg","contentUrl":"https:\/\/formacio.fundesplai.org\/wp-content\/uploads\/2021\/01\/potatoes-5148560_1920.jpg","width":1920,"height":1280,"caption":"curs cuina aprofitament Fundesplai"},{"@type":"BreadcrumbList","@id":"https:\/\/formacio.fundesplai.org\/es\/cursos-es\/restauracionyhostaleria\/curso-de-aprovechamiento-y-reciclaje-subvencionado\/#breadcrumb","itemListElement":[{"@type":"ListItem","position":1,"name":"Inici","item":"https:\/\/formacio.fundesplai.org\/es\/inicio\/"},{"@type":"ListItem","position":2,"name":"Encuentra tu curso","item":"https:\/\/formacio.fundesplai.org\/es\/cursos\/"},{"@type":"ListItem","position":3,"name":"Restauraci\u00f3n y hostaleria","item":"https:\/\/formacio.fundesplai.org\/es\/cursos\/restauracionyhostaleria\/"},{"@type":"ListItem","position":4,"name":"Curso de Aprovechamiento y Reciclaje de materias primas subvencionado"}]},{"@type":"WebSite","@id":"https:\/\/formacio.fundesplai.org\/es\/#website","url":"https:\/\/formacio.fundesplai.org\/es\/","name":"Fundesplai Formaci\u00f3","description":"","potentialAction":[{"@type":"SearchAction","target":{"@type":"EntryPoint","urlTemplate":"https:\/\/formacio.fundesplai.org\/es\/?s={search_term_string}"},"query-input":{"@type":"PropertyValueSpecification","valueRequired":true,"valueName":"search_term_string"}}],"inLanguage":"es"}]}},"_links":{"self":[{"href":"https:\/\/formacio.fundesplai.org\/es\/wp-json\/wp\/v2\/product\/33557","targetHints":{"allow":["GET"]}}],"collection":[{"href":"https:\/\/formacio.fundesplai.org\/es\/wp-json\/wp\/v2\/product"}],"about":[{"href":"https:\/\/formacio.fundesplai.org\/es\/wp-json\/wp\/v2\/types\/product"}],"replies":[{"embeddable":true,"href":"https:\/\/formacio.fundesplai.org\/es\/wp-json\/wp\/v2\/comments?post=33557"}],"wp:featuredmedia":[{"embeddable":true,"href":"https:\/\/formacio.fundesplai.org\/es\/wp-json\/wp\/v2\/media\/7203"}],"wp:attachment":[{"href":"https:\/\/formacio.fundesplai.org\/es\/wp-json\/wp\/v2\/media?parent=33557"}],"wp:term":[{"taxonomy":"product_brand","embeddable":true,"href":"https:\/\/formacio.fundesplai.org\/es\/wp-json\/wp\/v2\/product_brand?post=33557"},{"taxonomy":"product_cat","embeddable":true,"href":"https:\/\/formacio.fundesplai.org\/es\/wp-json\/wp\/v2\/product_cat?post=33557"},{"taxonomy":"product_tag","embeddable":true,"href":"https:\/\/formacio.fundesplai.org\/es\/wp-json\/wp\/v2\/product_tag?post=33557"}],"curies":[{"name":"wp","href":"https:\/\/api.w.org\/{rel}","templated":true}]}}