{"id":33629,"date":"2023-05-31T12:54:35","date_gmt":"2023-07-17T08:01:02","guid":{"rendered":"https:\/\/formacio.fundesplai.org\/cursos\/sin categor\u00eda\/curso-de-educador-a-de-soporte-escolar-navidad-online\/"},"modified":"2023-07-17T10:01:02","modified_gmt":"2023-07-17T08:01:02","slug":"curso-de-educador-a-escolar-online-verano-copia","status":"publish","type":"product","link":"https:\/\/formacio.fundesplai.org\/es\/cursos-es\/educacioncat\/educador-o-educadora-de-soporte\/curso-de-educador-a-escolar-online-verano-copia\/","title":{"rendered":"Curso de Educador\/a de soporte escolar Navidad Online"},"excerpt":{"rendered":"<p>\u00a1F\u00f3rmate como educador o educadora de soporte escolar y fomenta la inclusi\u00f3n escolar de ni\u00f1os y j\u00f3venes con necesidades educativas especiales!<\/p>\n","protected":false},"featured_media":31871,"comment_status":"closed","ping_status":"closed","template":"","meta":{"_et_pb_use_builder":"","_et_pb_old_content":"","_et_gb_content_width":""},"product_brand":[],"product_cat":[675,676],"product_tag":[680,792],"class_list":{"0":"post-33629","1":"product","2":"type-product","3":"status-publish","4":"has-post-thumbnail","6":"product_cat-educacioncat","7":"product_cat-educador-o-educadora-de-soporte","8":"product_tag-educacion","9":"product_tag-educador-o-educadora-de-soporte","11":"first","12":"instock","13":"virtual","14":"sold-individually","15":"taxable","16":"product-type-simple"},"yoast_head":"<!-- This site is optimized with the Yoast SEO plugin v27.4 - https:\/\/yoast.com\/product\/yoast-seo-wordpress\/ -->\n<title>Curso de Educador\/a de soporte escolar Navidad Online - Fundesplai Formaci\u00f3<\/title>\n<meta name=\"description\" content=\"Adquiere las competencias para trabajar como educador\/a de apoyo a la inclusi\u00f3n en escolar con ni\u00f1os y ni\u00f1as con diversidad con este curso\" \/>\n<meta name=\"robots\" content=\"index, follow, max-snippet:-1, max-image-preview:large, max-video-preview:-1\" \/>\n<link rel=\"canonical\" href=\"https:\/\/formacio.fundesplai.org\/es\/cursos-es\/educacioncat\/educador-o-educadora-de-soporte\/curso-de-educador-a-escolar-online-verano-copia\/\" \/>\n<meta property=\"og:locale\" content=\"es_ES\" \/>\n<meta property=\"og:type\" content=\"article\" \/>\n<meta property=\"og:title\" content=\"Curso de Educador\/a de soporte escolar Navidad Online - Fundesplai Formaci\u00f3\" \/>\n<meta property=\"og:description\" content=\"Adquiere las competencias para trabajar como educador\/a de apoyo a la inclusi\u00f3n en escolar con ni\u00f1os y ni\u00f1as con diversidad con este curso\" \/>\n<meta property=\"og:url\" content=\"https:\/\/formacio.fundesplai.org\/es\/cursos-es\/educacioncat\/educador-o-educadora-de-soporte\/curso-de-educador-a-escolar-online-verano-copia\/\" \/>\n<meta property=\"og:site_name\" content=\"Fundesplai Formaci\u00f3\" \/>\n<meta property=\"og:image\" content=\"https:\/\/formacio.fundesplai.org\/wp-content\/uploads\/2021\/01\/Curs-vetlladors-juny.png\" \/>\n\t<meta property=\"og:image:width\" content=\"1200\" \/>\n\t<meta property=\"og:image:height\" content=\"571\" \/>\n\t<meta property=\"og:image:type\" content=\"image\/png\" \/>\n<meta name=\"twitter:card\" content=\"summary_large_image\" \/>\n<script type=\"application\/ld+json\" class=\"yoast-schema-graph\">{\"@context\":\"https:\\\/\\\/schema.org\",\"@graph\":[{\"@type\":\"WebPage\",\"@id\":\"https:\\\/\\\/formacio.fundesplai.org\\\/es\\\/cursos-es\\\/educacioncat\\\/educador-o-educadora-de-soporte\\\/curso-de-educador-a-escolar-online-verano-copia\\\/\",\"url\":\"https:\\\/\\\/formacio.fundesplai.org\\\/es\\\/cursos-es\\\/educacioncat\\\/educador-o-educadora-de-soporte\\\/curso-de-educador-a-escolar-online-verano-copia\\\/\",\"name\":\"Curso de Educador\\\/a de soporte escolar Navidad Online - Fundesplai Formaci\u00f3\",\"isPartOf\":{\"@id\":\"https:\\\/\\\/formacio.fundesplai.org\\\/es\\\/#website\"},\"primaryImageOfPage\":{\"@id\":\"https:\\\/\\\/formacio.fundesplai.org\\\/es\\\/cursos-es\\\/educacioncat\\\/educador-o-educadora-de-soporte\\\/curso-de-educador-a-escolar-online-verano-copia\\\/#primaryimage\"},\"image\":{\"@id\":\"https:\\\/\\\/formacio.fundesplai.org\\\/es\\\/cursos-es\\\/educacioncat\\\/educador-o-educadora-de-soporte\\\/curso-de-educador-a-escolar-online-verano-copia\\\/#primaryimage\"},\"thumbnailUrl\":\"https:\\\/\\\/formacio.fundesplai.org\\\/wp-content\\\/uploads\\\/2021\\\/01\\\/Curs-vetlladors-juny.png\",\"datePublished\":\"2023-07-17T08:01:02+00:00\",\"description\":\"Adquiere las competencias para trabajar como educador\\\/a de apoyo a la inclusi\u00f3n en escolar con ni\u00f1os y ni\u00f1as con diversidad con este curso\",\"breadcrumb\":{\"@id\":\"https:\\\/\\\/formacio.fundesplai.org\\\/es\\\/cursos-es\\\/educacioncat\\\/educador-o-educadora-de-soporte\\\/curso-de-educador-a-escolar-online-verano-copia\\\/#breadcrumb\"},\"inLanguage\":\"es\",\"potentialAction\":[{\"@type\":\"ReadAction\",\"target\":[\"https:\\\/\\\/formacio.fundesplai.org\\\/es\\\/cursos-es\\\/educacioncat\\\/educador-o-educadora-de-soporte\\\/curso-de-educador-a-escolar-online-verano-copia\\\/\"]}]},{\"@type\":\"ImageObject\",\"inLanguage\":\"es\",\"@id\":\"https:\\\/\\\/formacio.fundesplai.org\\\/es\\\/cursos-es\\\/educacioncat\\\/educador-o-educadora-de-soporte\\\/curso-de-educador-a-escolar-online-verano-copia\\\/#primaryimage\",\"url\":\"https:\\\/\\\/formacio.fundesplai.org\\\/wp-content\\\/uploads\\\/2021\\\/01\\\/Curs-vetlladors-juny.png\",\"contentUrl\":\"https:\\\/\\\/formacio.fundesplai.org\\\/wp-content\\\/uploads\\\/2021\\\/01\\\/Curs-vetlladors-juny.png\",\"width\":1200,\"height\":571,\"caption\":\"Curs vetlladora juny\"},{\"@type\":\"BreadcrumbList\",\"@id\":\"https:\\\/\\\/formacio.fundesplai.org\\\/es\\\/cursos-es\\\/educacioncat\\\/educador-o-educadora-de-soporte\\\/curso-de-educador-a-escolar-online-verano-copia\\\/#breadcrumb\",\"itemListElement\":[{\"@type\":\"ListItem\",\"position\":1,\"name\":\"Inici\",\"item\":\"https:\\\/\\\/formacio.fundesplai.org\\\/es\\\/inicio\\\/\"},{\"@type\":\"ListItem\",\"position\":2,\"name\":\"Encuentra tu curso\",\"item\":\"https:\\\/\\\/formacio.fundesplai.org\\\/es\\\/cursos\\\/\"},{\"@type\":\"ListItem\",\"position\":3,\"name\":\"Educaci\u00f3n\",\"item\":\"https:\\\/\\\/formacio.fundesplai.org\\\/es\\\/cursos\\\/educacioncat\\\/\"},{\"@type\":\"ListItem\",\"position\":4,\"name\":\"Curso de Educador\\\/a de soporte escolar Navidad Online\"}]},{\"@type\":\"WebSite\",\"@id\":\"https:\\\/\\\/formacio.fundesplai.org\\\/es\\\/#website\",\"url\":\"https:\\\/\\\/formacio.fundesplai.org\\\/es\\\/\",\"name\":\"Fundesplai Formaci\u00f3\",\"description\":\"\",\"potentialAction\":[{\"@type\":\"SearchAction\",\"target\":{\"@type\":\"EntryPoint\",\"urlTemplate\":\"https:\\\/\\\/formacio.fundesplai.org\\\/es\\\/?s={search_term_string}\"},\"query-input\":{\"@type\":\"PropertyValueSpecification\",\"valueRequired\":true,\"valueName\":\"search_term_string\"}}],\"inLanguage\":\"es\"}]}<\/script>\n<!-- \/ Yoast SEO plugin. -->","yoast_head_json":{"title":"Curso de Educador\/a de soporte escolar Navidad Online - Fundesplai Formaci\u00f3","description":"Adquiere las competencias para trabajar como educador\/a de apoyo a la inclusi\u00f3n en escolar con ni\u00f1os y ni\u00f1as con diversidad con este curso","robots":{"index":"index","follow":"follow","max-snippet":"max-snippet:-1","max-image-preview":"max-image-preview:large","max-video-preview":"max-video-preview:-1"},"canonical":"https:\/\/formacio.fundesplai.org\/es\/cursos-es\/educacioncat\/educador-o-educadora-de-soporte\/curso-de-educador-a-escolar-online-verano-copia\/","og_locale":"es_ES","og_type":"article","og_title":"Curso de Educador\/a de soporte escolar Navidad Online - Fundesplai Formaci\u00f3","og_description":"Adquiere las competencias para trabajar como educador\/a de apoyo a la inclusi\u00f3n en escolar con ni\u00f1os y ni\u00f1as con diversidad con este curso","og_url":"https:\/\/formacio.fundesplai.org\/es\/cursos-es\/educacioncat\/educador-o-educadora-de-soporte\/curso-de-educador-a-escolar-online-verano-copia\/","og_site_name":"Fundesplai Formaci\u00f3","og_image":[{"width":1200,"height":571,"url":"https:\/\/formacio.fundesplai.org\/wp-content\/uploads\/2021\/01\/Curs-vetlladors-juny.png","type":"image\/png"}],"twitter_card":"summary_large_image","schema":{"@context":"https:\/\/schema.org","@graph":[{"@type":"WebPage","@id":"https:\/\/formacio.fundesplai.org\/es\/cursos-es\/educacioncat\/educador-o-educadora-de-soporte\/curso-de-educador-a-escolar-online-verano-copia\/","url":"https:\/\/formacio.fundesplai.org\/es\/cursos-es\/educacioncat\/educador-o-educadora-de-soporte\/curso-de-educador-a-escolar-online-verano-copia\/","name":"Curso de Educador\/a de soporte escolar Navidad Online - Fundesplai Formaci\u00f3","isPartOf":{"@id":"https:\/\/formacio.fundesplai.org\/es\/#website"},"primaryImageOfPage":{"@id":"https:\/\/formacio.fundesplai.org\/es\/cursos-es\/educacioncat\/educador-o-educadora-de-soporte\/curso-de-educador-a-escolar-online-verano-copia\/#primaryimage"},"image":{"@id":"https:\/\/formacio.fundesplai.org\/es\/cursos-es\/educacioncat\/educador-o-educadora-de-soporte\/curso-de-educador-a-escolar-online-verano-copia\/#primaryimage"},"thumbnailUrl":"https:\/\/formacio.fundesplai.org\/wp-content\/uploads\/2021\/01\/Curs-vetlladors-juny.png","datePublished":"2023-07-17T08:01:02+00:00","description":"Adquiere las competencias para trabajar como educador\/a de apoyo a la inclusi\u00f3n en escolar con ni\u00f1os y ni\u00f1as con diversidad con este curso","breadcrumb":{"@id":"https:\/\/formacio.fundesplai.org\/es\/cursos-es\/educacioncat\/educador-o-educadora-de-soporte\/curso-de-educador-a-escolar-online-verano-copia\/#breadcrumb"},"inLanguage":"es","potentialAction":[{"@type":"ReadAction","target":["https:\/\/formacio.fundesplai.org\/es\/cursos-es\/educacioncat\/educador-o-educadora-de-soporte\/curso-de-educador-a-escolar-online-verano-copia\/"]}]},{"@type":"ImageObject","inLanguage":"es","@id":"https:\/\/formacio.fundesplai.org\/es\/cursos-es\/educacioncat\/educador-o-educadora-de-soporte\/curso-de-educador-a-escolar-online-verano-copia\/#primaryimage","url":"https:\/\/formacio.fundesplai.org\/wp-content\/uploads\/2021\/01\/Curs-vetlladors-juny.png","contentUrl":"https:\/\/formacio.fundesplai.org\/wp-content\/uploads\/2021\/01\/Curs-vetlladors-juny.png","width":1200,"height":571,"caption":"Curs vetlladora juny"},{"@type":"BreadcrumbList","@id":"https:\/\/formacio.fundesplai.org\/es\/cursos-es\/educacioncat\/educador-o-educadora-de-soporte\/curso-de-educador-a-escolar-online-verano-copia\/#breadcrumb","itemListElement":[{"@type":"ListItem","position":1,"name":"Inici","item":"https:\/\/formacio.fundesplai.org\/es\/inicio\/"},{"@type":"ListItem","position":2,"name":"Encuentra tu curso","item":"https:\/\/formacio.fundesplai.org\/es\/cursos\/"},{"@type":"ListItem","position":3,"name":"Educaci\u00f3n","item":"https:\/\/formacio.fundesplai.org\/es\/cursos\/educacioncat\/"},{"@type":"ListItem","position":4,"name":"Curso de Educador\/a de soporte escolar Navidad Online"}]},{"@type":"WebSite","@id":"https:\/\/formacio.fundesplai.org\/es\/#website","url":"https:\/\/formacio.fundesplai.org\/es\/","name":"Fundesplai Formaci\u00f3","description":"","potentialAction":[{"@type":"SearchAction","target":{"@type":"EntryPoint","urlTemplate":"https:\/\/formacio.fundesplai.org\/es\/?s={search_term_string}"},"query-input":{"@type":"PropertyValueSpecification","valueRequired":true,"valueName":"search_term_string"}}],"inLanguage":"es"}]}},"_links":{"self":[{"href":"https:\/\/formacio.fundesplai.org\/es\/wp-json\/wp\/v2\/product\/33629","targetHints":{"allow":["GET"]}}],"collection":[{"href":"https:\/\/formacio.fundesplai.org\/es\/wp-json\/wp\/v2\/product"}],"about":[{"href":"https:\/\/formacio.fundesplai.org\/es\/wp-json\/wp\/v2\/types\/product"}],"replies":[{"embeddable":true,"href":"https:\/\/formacio.fundesplai.org\/es\/wp-json\/wp\/v2\/comments?post=33629"}],"wp:featuredmedia":[{"embeddable":true,"href":"https:\/\/formacio.fundesplai.org\/es\/wp-json\/wp\/v2\/media\/31871"}],"wp:attachment":[{"href":"https:\/\/formacio.fundesplai.org\/es\/wp-json\/wp\/v2\/media?parent=33629"}],"wp:term":[{"taxonomy":"product_brand","embeddable":true,"href":"https:\/\/formacio.fundesplai.org\/es\/wp-json\/wp\/v2\/product_brand?post=33629"},{"taxonomy":"product_cat","embeddable":true,"href":"https:\/\/formacio.fundesplai.org\/es\/wp-json\/wp\/v2\/product_cat?post=33629"},{"taxonomy":"product_tag","embeddable":true,"href":"https:\/\/formacio.fundesplai.org\/es\/wp-json\/wp\/v2\/product_tag?post=33629"}],"curies":[{"name":"wp","href":"https:\/\/api.w.org\/{rel}","templated":true}]}}