{"id":34168,"date":"2020-10-12T16:05:04","date_gmt":"2023-08-01T07:21:47","guid":{"rendered":"https:\/\/formacio.fundesplai.org\/cursos\/sin%20categor\u00eda\/curso-de-elaboraciones-con-chocolate-subvencionado\/"},"modified":"2024-02-12T12:19:47","modified_gmt":"2024-02-12T11:19:47","slug":"curso-elaboraciones-con-chocolate-subvencionado","status":"publish","type":"product","link":"https:\/\/formacio.fundesplai.org\/es\/cursos-es\/restauracionyhostaleria\/curso-elaboraciones-con-chocolate-subvencionado\/","title":{"rendered":"Curso de elaboraciones con chocolate subvencionado"},"excerpt":{"rendered":"<p><span style=\"font-weight: 400;\">\u00a1Aprende las recetas con chocolate m\u00e1s irresistibles!<\/span><\/p>\n","protected":false},"featured_media":5007,"comment_status":"closed","ping_status":"closed","template":"","meta":{"_et_pb_use_builder":"","_et_pb_old_content":"","_et_gb_content_width":""},"product_brand":[],"product_cat":[86],"product_tag":[859,858],"class_list":{"0":"post-34168","1":"product","2":"type-product","3":"status-publish","4":"has-post-thumbnail","6":"product_cat-restauracionyhostaleria","7":"product_tag-chocolate","8":"product_tag-reposteria","10":"first","11":"instock","12":"virtual","13":"sold-individually","14":"taxable","15":"product-type-simple"},"yoast_head":"<!-- This site is optimized with the Yoast SEO plugin v27.5 - https:\/\/yoast.com\/product\/yoast-seo-wordpress\/ -->\n<title>Curso de elaboraciones con chocolate subvencionado - Fundesplai Formaci\u00f3<\/title>\n<meta name=\"description\" content=\"Con este curso aprender\u00e1s a realizar elaboraciones con chocolate y conoce los procedimientos b\u00e1sicos y pr\u00e1cticos en pasteler\u00eda y reposter\u00eda.\" \/>\n<meta name=\"robots\" content=\"index, follow, max-snippet:-1, max-image-preview:large, max-video-preview:-1\" \/>\n<link rel=\"canonical\" href=\"https:\/\/formacio.fundesplai.org\/es\/cursos-es\/restauracionyhostaleria\/curso-elaboraciones-con-chocolate-subvencionado\/\" \/>\n<meta property=\"og:locale\" content=\"es_ES\" \/>\n<meta property=\"og:type\" content=\"article\" \/>\n<meta property=\"og:title\" content=\"Curso de elaboraciones con chocolate subvencionado - Fundesplai Formaci\u00f3\" \/>\n<meta property=\"og:description\" content=\"Con este curso aprender\u00e1s a realizar elaboraciones con chocolate y conoce los procedimientos b\u00e1sicos y pr\u00e1cticos en pasteler\u00eda y reposter\u00eda.\" \/>\n<meta property=\"og:url\" content=\"https:\/\/formacio.fundesplai.org\/es\/cursos-es\/restauracionyhostaleria\/curso-elaboraciones-con-chocolate-subvencionado\/\" \/>\n<meta property=\"og:site_name\" content=\"Fundesplai Formaci\u00f3\" \/>\n<meta property=\"article:modified_time\" content=\"2024-02-12T11:19:47+00:00\" \/>\n<meta property=\"og:image\" content=\"https:\/\/formacio.fundesplai.org\/wp-content\/uploads\/2020\/04\/Curs-elaboracions-amb-xocolata-Fundesplai.jpg\" \/>\n\t<meta property=\"og:image:width\" content=\"1888\" \/>\n\t<meta property=\"og:image:height\" content=\"900\" \/>\n\t<meta property=\"og:image:type\" content=\"image\/jpeg\" \/>\n<meta name=\"twitter:card\" content=\"summary_large_image\" \/>\n<script type=\"application\/ld+json\" class=\"yoast-schema-graph\">{\"@context\":\"https:\\\/\\\/schema.org\",\"@graph\":[{\"@type\":\"WebPage\",\"@id\":\"https:\\\/\\\/formacio.fundesplai.org\\\/es\\\/cursos-es\\\/restauracionyhostaleria\\\/curso-elaboraciones-con-chocolate-subvencionado\\\/\",\"url\":\"https:\\\/\\\/formacio.fundesplai.org\\\/es\\\/cursos-es\\\/restauracionyhostaleria\\\/curso-elaboraciones-con-chocolate-subvencionado\\\/\",\"name\":\"Curso de elaboraciones con chocolate subvencionado - Fundesplai Formaci\u00f3\",\"isPartOf\":{\"@id\":\"https:\\\/\\\/formacio.fundesplai.org\\\/es\\\/#website\"},\"primaryImageOfPage\":{\"@id\":\"https:\\\/\\\/formacio.fundesplai.org\\\/es\\\/cursos-es\\\/restauracionyhostaleria\\\/curso-elaboraciones-con-chocolate-subvencionado\\\/#primaryimage\"},\"image\":{\"@id\":\"https:\\\/\\\/formacio.fundesplai.org\\\/es\\\/cursos-es\\\/restauracionyhostaleria\\\/curso-elaboraciones-con-chocolate-subvencionado\\\/#primaryimage\"},\"thumbnailUrl\":\"https:\\\/\\\/formacio.fundesplai.org\\\/wp-content\\\/uploads\\\/2020\\\/04\\\/Curs-elaboracions-amb-xocolata-Fundesplai.jpg\",\"datePublished\":\"2023-08-01T07:21:47+00:00\",\"dateModified\":\"2024-02-12T11:19:47+00:00\",\"description\":\"Con este curso aprender\u00e1s a realizar elaboraciones con chocolate y conoce los procedimientos b\u00e1sicos y pr\u00e1cticos en pasteler\u00eda y reposter\u00eda.\",\"breadcrumb\":{\"@id\":\"https:\\\/\\\/formacio.fundesplai.org\\\/es\\\/cursos-es\\\/restauracionyhostaleria\\\/curso-elaboraciones-con-chocolate-subvencionado\\\/#breadcrumb\"},\"inLanguage\":\"es\",\"potentialAction\":[{\"@type\":\"ReadAction\",\"target\":[\"https:\\\/\\\/formacio.fundesplai.org\\\/es\\\/cursos-es\\\/restauracionyhostaleria\\\/curso-elaboraciones-con-chocolate-subvencionado\\\/\"]}]},{\"@type\":\"ImageObject\",\"inLanguage\":\"es\",\"@id\":\"https:\\\/\\\/formacio.fundesplai.org\\\/es\\\/cursos-es\\\/restauracionyhostaleria\\\/curso-elaboraciones-con-chocolate-subvencionado\\\/#primaryimage\",\"url\":\"https:\\\/\\\/formacio.fundesplai.org\\\/wp-content\\\/uploads\\\/2020\\\/04\\\/Curs-elaboracions-amb-xocolata-Fundesplai.jpg\",\"contentUrl\":\"https:\\\/\\\/formacio.fundesplai.org\\\/wp-content\\\/uploads\\\/2020\\\/04\\\/Curs-elaboracions-amb-xocolata-Fundesplai.jpg\",\"width\":1888,\"height\":900,\"caption\":\"Curs elaboracions amb xocolata Fundesplai\"},{\"@type\":\"BreadcrumbList\",\"@id\":\"https:\\\/\\\/formacio.fundesplai.org\\\/es\\\/cursos-es\\\/restauracionyhostaleria\\\/curso-elaboraciones-con-chocolate-subvencionado\\\/#breadcrumb\",\"itemListElement\":[{\"@type\":\"ListItem\",\"position\":1,\"name\":\"Inici\",\"item\":\"https:\\\/\\\/formacio.fundesplai.org\\\/es\\\/inicio\\\/\"},{\"@type\":\"ListItem\",\"position\":2,\"name\":\"Encuentra tu curso\",\"item\":\"https:\\\/\\\/formacio.fundesplai.org\\\/es\\\/cursos\\\/\"},{\"@type\":\"ListItem\",\"position\":3,\"name\":\"Restauraci\u00f3n y hostaleria\",\"item\":\"https:\\\/\\\/formacio.fundesplai.org\\\/es\\\/cursos\\\/restauracionyhostaleria\\\/\"},{\"@type\":\"ListItem\",\"position\":4,\"name\":\"Curso de elaboraciones con chocolate subvencionado\"}]},{\"@type\":\"WebSite\",\"@id\":\"https:\\\/\\\/formacio.fundesplai.org\\\/es\\\/#website\",\"url\":\"https:\\\/\\\/formacio.fundesplai.org\\\/es\\\/\",\"name\":\"Fundesplai Formaci\u00f3\",\"description\":\"\",\"potentialAction\":[{\"@type\":\"SearchAction\",\"target\":{\"@type\":\"EntryPoint\",\"urlTemplate\":\"https:\\\/\\\/formacio.fundesplai.org\\\/es\\\/?s={search_term_string}\"},\"query-input\":{\"@type\":\"PropertyValueSpecification\",\"valueRequired\":true,\"valueName\":\"search_term_string\"}}],\"inLanguage\":\"es\"}]}<\/script>\n<!-- \/ Yoast SEO plugin. -->","yoast_head_json":{"title":"Curso de elaboraciones con chocolate subvencionado - Fundesplai Formaci\u00f3","description":"Con este curso aprender\u00e1s a realizar elaboraciones con chocolate y conoce los procedimientos b\u00e1sicos y pr\u00e1cticos en pasteler\u00eda y reposter\u00eda.","robots":{"index":"index","follow":"follow","max-snippet":"max-snippet:-1","max-image-preview":"max-image-preview:large","max-video-preview":"max-video-preview:-1"},"canonical":"https:\/\/formacio.fundesplai.org\/es\/cursos-es\/restauracionyhostaleria\/curso-elaboraciones-con-chocolate-subvencionado\/","og_locale":"es_ES","og_type":"article","og_title":"Curso de elaboraciones con chocolate subvencionado - Fundesplai Formaci\u00f3","og_description":"Con este curso aprender\u00e1s a realizar elaboraciones con chocolate y conoce los procedimientos b\u00e1sicos y pr\u00e1cticos en pasteler\u00eda y reposter\u00eda.","og_url":"https:\/\/formacio.fundesplai.org\/es\/cursos-es\/restauracionyhostaleria\/curso-elaboraciones-con-chocolate-subvencionado\/","og_site_name":"Fundesplai Formaci\u00f3","article_modified_time":"2024-02-12T11:19:47+00:00","og_image":[{"width":1888,"height":900,"url":"https:\/\/formacio.fundesplai.org\/wp-content\/uploads\/2020\/04\/Curs-elaboracions-amb-xocolata-Fundesplai.jpg","type":"image\/jpeg"}],"twitter_card":"summary_large_image","schema":{"@context":"https:\/\/schema.org","@graph":[{"@type":"WebPage","@id":"https:\/\/formacio.fundesplai.org\/es\/cursos-es\/restauracionyhostaleria\/curso-elaboraciones-con-chocolate-subvencionado\/","url":"https:\/\/formacio.fundesplai.org\/es\/cursos-es\/restauracionyhostaleria\/curso-elaboraciones-con-chocolate-subvencionado\/","name":"Curso de elaboraciones con chocolate subvencionado - Fundesplai Formaci\u00f3","isPartOf":{"@id":"https:\/\/formacio.fundesplai.org\/es\/#website"},"primaryImageOfPage":{"@id":"https:\/\/formacio.fundesplai.org\/es\/cursos-es\/restauracionyhostaleria\/curso-elaboraciones-con-chocolate-subvencionado\/#primaryimage"},"image":{"@id":"https:\/\/formacio.fundesplai.org\/es\/cursos-es\/restauracionyhostaleria\/curso-elaboraciones-con-chocolate-subvencionado\/#primaryimage"},"thumbnailUrl":"https:\/\/formacio.fundesplai.org\/wp-content\/uploads\/2020\/04\/Curs-elaboracions-amb-xocolata-Fundesplai.jpg","datePublished":"2023-08-01T07:21:47+00:00","dateModified":"2024-02-12T11:19:47+00:00","description":"Con este curso aprender\u00e1s a realizar elaboraciones con chocolate y conoce los procedimientos b\u00e1sicos y pr\u00e1cticos en pasteler\u00eda y reposter\u00eda.","breadcrumb":{"@id":"https:\/\/formacio.fundesplai.org\/es\/cursos-es\/restauracionyhostaleria\/curso-elaboraciones-con-chocolate-subvencionado\/#breadcrumb"},"inLanguage":"es","potentialAction":[{"@type":"ReadAction","target":["https:\/\/formacio.fundesplai.org\/es\/cursos-es\/restauracionyhostaleria\/curso-elaboraciones-con-chocolate-subvencionado\/"]}]},{"@type":"ImageObject","inLanguage":"es","@id":"https:\/\/formacio.fundesplai.org\/es\/cursos-es\/restauracionyhostaleria\/curso-elaboraciones-con-chocolate-subvencionado\/#primaryimage","url":"https:\/\/formacio.fundesplai.org\/wp-content\/uploads\/2020\/04\/Curs-elaboracions-amb-xocolata-Fundesplai.jpg","contentUrl":"https:\/\/formacio.fundesplai.org\/wp-content\/uploads\/2020\/04\/Curs-elaboracions-amb-xocolata-Fundesplai.jpg","width":1888,"height":900,"caption":"Curs elaboracions amb xocolata Fundesplai"},{"@type":"BreadcrumbList","@id":"https:\/\/formacio.fundesplai.org\/es\/cursos-es\/restauracionyhostaleria\/curso-elaboraciones-con-chocolate-subvencionado\/#breadcrumb","itemListElement":[{"@type":"ListItem","position":1,"name":"Inici","item":"https:\/\/formacio.fundesplai.org\/es\/inicio\/"},{"@type":"ListItem","position":2,"name":"Encuentra tu curso","item":"https:\/\/formacio.fundesplai.org\/es\/cursos\/"},{"@type":"ListItem","position":3,"name":"Restauraci\u00f3n y hostaleria","item":"https:\/\/formacio.fundesplai.org\/es\/cursos\/restauracionyhostaleria\/"},{"@type":"ListItem","position":4,"name":"Curso de elaboraciones con chocolate subvencionado"}]},{"@type":"WebSite","@id":"https:\/\/formacio.fundesplai.org\/es\/#website","url":"https:\/\/formacio.fundesplai.org\/es\/","name":"Fundesplai Formaci\u00f3","description":"","potentialAction":[{"@type":"SearchAction","target":{"@type":"EntryPoint","urlTemplate":"https:\/\/formacio.fundesplai.org\/es\/?s={search_term_string}"},"query-input":{"@type":"PropertyValueSpecification","valueRequired":true,"valueName":"search_term_string"}}],"inLanguage":"es"}]}},"_links":{"self":[{"href":"https:\/\/formacio.fundesplai.org\/es\/wp-json\/wp\/v2\/product\/34168","targetHints":{"allow":["GET"]}}],"collection":[{"href":"https:\/\/formacio.fundesplai.org\/es\/wp-json\/wp\/v2\/product"}],"about":[{"href":"https:\/\/formacio.fundesplai.org\/es\/wp-json\/wp\/v2\/types\/product"}],"replies":[{"embeddable":true,"href":"https:\/\/formacio.fundesplai.org\/es\/wp-json\/wp\/v2\/comments?post=34168"}],"wp:featuredmedia":[{"embeddable":true,"href":"https:\/\/formacio.fundesplai.org\/es\/wp-json\/wp\/v2\/media\/5007"}],"wp:attachment":[{"href":"https:\/\/formacio.fundesplai.org\/es\/wp-json\/wp\/v2\/media?parent=34168"}],"wp:term":[{"taxonomy":"product_brand","embeddable":true,"href":"https:\/\/formacio.fundesplai.org\/es\/wp-json\/wp\/v2\/product_brand?post=34168"},{"taxonomy":"product_cat","embeddable":true,"href":"https:\/\/formacio.fundesplai.org\/es\/wp-json\/wp\/v2\/product_cat?post=34168"},{"taxonomy":"product_tag","embeddable":true,"href":"https:\/\/formacio.fundesplai.org\/es\/wp-json\/wp\/v2\/product_tag?post=34168"}],"curies":[{"name":"wp","href":"https:\/\/api.w.org\/{rel}","templated":true}]}}