{"id":34292,"date":"2023-08-03T17:09:08","date_gmt":"2023-08-03T15:09:08","guid":{"rendered":"https:\/\/formacio.fundesplai.org\/cursos\/Sense%20categoria\/curso-de-mediador-a-juvenil-online-subvencionado\/"},"modified":"2026-04-15T16:29:17","modified_gmt":"2026-04-15T14:29:17","slug":"curso-de-mediador-a-juvenil-subvencionado","status":"publish","type":"product","link":"https:\/\/formacio.fundesplai.org\/es\/cursos-es\/accionsocialycomunitaria\/curso-de-mediador-a-juvenil-subvencionado\/","title":{"rendered":"Curso de Mediador\/a Juvenil online subvencionado"},"excerpt":{"rendered":"<p><strong>\u00a1Adquiere habilidades y herramientas de mediaci\u00f3n aplicadas a entornos j\u00f3venes y convi\u00e9rtete en mediador o mediadora juvenil!<\/strong><\/p>\n","protected":false},"featured_media":34261,"comment_status":"closed","ping_status":"closed","template":"","meta":{"_et_pb_use_builder":"","_et_pb_old_content":"","_et_gb_content_width":""},"product_brand":[],"product_cat":[89,675,700],"product_tag":[916,680,728,731],"class_list":{"0":"post-34292","1":"product","2":"type-product","3":"status-publish","4":"has-post-thumbnail","6":"product_cat-accionsocialycomunitaria","7":"product_cat-educacioncat","8":"product_cat-habilidadesinterpersonales","9":"product_tag-cursos-subvencionados-es","10":"product_tag-educacion","11":"product_tag-gestion-de-conflictos","12":"product_tag-mediacion","14":"first","15":"instock","16":"virtual","17":"sold-individually","18":"taxable","19":"product-type-simple"},"yoast_head":"<!-- This site is optimized with the Yoast SEO plugin v27.6 - https:\/\/yoast.com\/product\/yoast-seo-wordpress\/ -->\n<title>Curso de Mediador\/a Juvenil online subvencionado - Fundesplai Formaci\u00f3<\/title>\n<meta name=\"description\" content=\"Conoce las caracter\u00edsticas de la mediaci\u00f3n en comunidades de j\u00f3venes y convi\u00e9rtete en mediador o mediadora juvenil con este curso subvencionado. %\" \/>\n<meta name=\"robots\" content=\"index, follow, max-snippet:-1, max-image-preview:large, max-video-preview:-1\" \/>\n<link rel=\"canonical\" href=\"https:\/\/formacio.fundesplai.org\/es\/cursos-es\/accionsocialycomunitaria\/curso-de-mediador-a-juvenil-subvencionado\/\" \/>\n<meta property=\"og:locale\" content=\"es_ES\" \/>\n<meta property=\"og:type\" content=\"article\" \/>\n<meta property=\"og:title\" content=\"Curso de Mediador\/a Juvenil online subvencionado - Fundesplai Formaci\u00f3\" \/>\n<meta property=\"og:description\" content=\"Conoce las caracter\u00edsticas de la mediaci\u00f3n en comunidades de j\u00f3venes y convi\u00e9rtete en mediador o mediadora juvenil con este curso subvencionado. %\" \/>\n<meta property=\"og:url\" content=\"https:\/\/formacio.fundesplai.org\/es\/cursos-es\/accionsocialycomunitaria\/curso-de-mediador-a-juvenil-subvencionado\/\" \/>\n<meta property=\"og:site_name\" content=\"Fundesplai Formaci\u00f3\" \/>\n<meta property=\"article:modified_time\" content=\"2026-04-15T14:29:17+00:00\" \/>\n<meta property=\"og:image\" content=\"https:\/\/formacio.fundesplai.org\/wp-content\/uploads\/2023\/08\/Curs-mediador-a-juvenil-gran.png\" \/>\n\t<meta property=\"og:image:width\" content=\"1200\" \/>\n\t<meta property=\"og:image:height\" content=\"571\" \/>\n\t<meta property=\"og:image:type\" content=\"image\/png\" \/>\n<meta name=\"twitter:card\" content=\"summary_large_image\" \/>\n<script type=\"application\/ld+json\" class=\"yoast-schema-graph\">{\"@context\":\"https:\\\/\\\/schema.org\",\"@graph\":[{\"@type\":\"WebPage\",\"@id\":\"https:\\\/\\\/formacio.fundesplai.org\\\/es\\\/cursos-es\\\/accionsocialycomunitaria\\\/curso-de-mediador-a-juvenil-subvencionado\\\/\",\"url\":\"https:\\\/\\\/formacio.fundesplai.org\\\/es\\\/cursos-es\\\/accionsocialycomunitaria\\\/curso-de-mediador-a-juvenil-subvencionado\\\/\",\"name\":\"Curso de Mediador\\\/a Juvenil online subvencionado - Fundesplai Formaci\u00f3\",\"isPartOf\":{\"@id\":\"https:\\\/\\\/formacio.fundesplai.org\\\/es\\\/#website\"},\"primaryImageOfPage\":{\"@id\":\"https:\\\/\\\/formacio.fundesplai.org\\\/es\\\/cursos-es\\\/accionsocialycomunitaria\\\/curso-de-mediador-a-juvenil-subvencionado\\\/#primaryimage\"},\"image\":{\"@id\":\"https:\\\/\\\/formacio.fundesplai.org\\\/es\\\/cursos-es\\\/accionsocialycomunitaria\\\/curso-de-mediador-a-juvenil-subvencionado\\\/#primaryimage\"},\"thumbnailUrl\":\"https:\\\/\\\/formacio.fundesplai.org\\\/wp-content\\\/uploads\\\/2023\\\/08\\\/Curs-mediador-a-juvenil-gran.png\",\"datePublished\":\"2023-08-03T15:09:08+00:00\",\"dateModified\":\"2026-04-15T14:29:17+00:00\",\"description\":\"Conoce las caracter\u00edsticas de la mediaci\u00f3n en comunidades de j\u00f3venes y convi\u00e9rtete en mediador o mediadora juvenil con este curso subvencionado. %\",\"breadcrumb\":{\"@id\":\"https:\\\/\\\/formacio.fundesplai.org\\\/es\\\/cursos-es\\\/accionsocialycomunitaria\\\/curso-de-mediador-a-juvenil-subvencionado\\\/#breadcrumb\"},\"inLanguage\":\"es\",\"potentialAction\":[{\"@type\":\"ReadAction\",\"target\":[\"https:\\\/\\\/formacio.fundesplai.org\\\/es\\\/cursos-es\\\/accionsocialycomunitaria\\\/curso-de-mediador-a-juvenil-subvencionado\\\/\"]}]},{\"@type\":\"ImageObject\",\"inLanguage\":\"es\",\"@id\":\"https:\\\/\\\/formacio.fundesplai.org\\\/es\\\/cursos-es\\\/accionsocialycomunitaria\\\/curso-de-mediador-a-juvenil-subvencionado\\\/#primaryimage\",\"url\":\"https:\\\/\\\/formacio.fundesplai.org\\\/wp-content\\\/uploads\\\/2023\\\/08\\\/Curs-mediador-a-juvenil-gran.png\",\"contentUrl\":\"https:\\\/\\\/formacio.fundesplai.org\\\/wp-content\\\/uploads\\\/2023\\\/08\\\/Curs-mediador-a-juvenil-gran.png\",\"width\":1200,\"height\":571,\"caption\":\"Curso de mediador o mediadora juvenil\"},{\"@type\":\"BreadcrumbList\",\"@id\":\"https:\\\/\\\/formacio.fundesplai.org\\\/es\\\/cursos-es\\\/accionsocialycomunitaria\\\/curso-de-mediador-a-juvenil-subvencionado\\\/#breadcrumb\",\"itemListElement\":[{\"@type\":\"ListItem\",\"position\":1,\"name\":\"Inici\",\"item\":\"https:\\\/\\\/formacio.fundesplai.org\\\/es\\\/inicio\\\/\"},{\"@type\":\"ListItem\",\"position\":2,\"name\":\"Encuentra tu curso\",\"item\":\"https:\\\/\\\/formacio.fundesplai.org\\\/es\\\/cursos\\\/\"},{\"@type\":\"ListItem\",\"position\":3,\"name\":\"Accion social y comunitaria\",\"item\":\"https:\\\/\\\/formacio.fundesplai.org\\\/es\\\/cursos\\\/accionsocialycomunitaria\\\/\"},{\"@type\":\"ListItem\",\"position\":4,\"name\":\"Curso de Mediador\\\/a Juvenil online subvencionado\"}]},{\"@type\":\"WebSite\",\"@id\":\"https:\\\/\\\/formacio.fundesplai.org\\\/es\\\/#website\",\"url\":\"https:\\\/\\\/formacio.fundesplai.org\\\/es\\\/\",\"name\":\"Fundesplai Formaci\u00f3\",\"description\":\"\",\"potentialAction\":[{\"@type\":\"SearchAction\",\"target\":{\"@type\":\"EntryPoint\",\"urlTemplate\":\"https:\\\/\\\/formacio.fundesplai.org\\\/es\\\/?s={search_term_string}\"},\"query-input\":{\"@type\":\"PropertyValueSpecification\",\"valueRequired\":true,\"valueName\":\"search_term_string\"}}],\"inLanguage\":\"es\"}]}<\/script>\n<!-- \/ Yoast SEO plugin. -->","yoast_head_json":{"title":"Curso de Mediador\/a Juvenil online subvencionado - Fundesplai Formaci\u00f3","description":"Conoce las caracter\u00edsticas de la mediaci\u00f3n en comunidades de j\u00f3venes y convi\u00e9rtete en mediador o mediadora juvenil con este curso subvencionado. %","robots":{"index":"index","follow":"follow","max-snippet":"max-snippet:-1","max-image-preview":"max-image-preview:large","max-video-preview":"max-video-preview:-1"},"canonical":"https:\/\/formacio.fundesplai.org\/es\/cursos-es\/accionsocialycomunitaria\/curso-de-mediador-a-juvenil-subvencionado\/","og_locale":"es_ES","og_type":"article","og_title":"Curso de Mediador\/a Juvenil online subvencionado - Fundesplai Formaci\u00f3","og_description":"Conoce las caracter\u00edsticas de la mediaci\u00f3n en comunidades de j\u00f3venes y convi\u00e9rtete en mediador o mediadora juvenil con este curso subvencionado. %","og_url":"https:\/\/formacio.fundesplai.org\/es\/cursos-es\/accionsocialycomunitaria\/curso-de-mediador-a-juvenil-subvencionado\/","og_site_name":"Fundesplai Formaci\u00f3","article_modified_time":"2026-04-15T14:29:17+00:00","og_image":[{"width":1200,"height":571,"url":"https:\/\/formacio.fundesplai.org\/wp-content\/uploads\/2023\/08\/Curs-mediador-a-juvenil-gran.png","type":"image\/png"}],"twitter_card":"summary_large_image","schema":{"@context":"https:\/\/schema.org","@graph":[{"@type":"WebPage","@id":"https:\/\/formacio.fundesplai.org\/es\/cursos-es\/accionsocialycomunitaria\/curso-de-mediador-a-juvenil-subvencionado\/","url":"https:\/\/formacio.fundesplai.org\/es\/cursos-es\/accionsocialycomunitaria\/curso-de-mediador-a-juvenil-subvencionado\/","name":"Curso de Mediador\/a Juvenil online subvencionado - Fundesplai Formaci\u00f3","isPartOf":{"@id":"https:\/\/formacio.fundesplai.org\/es\/#website"},"primaryImageOfPage":{"@id":"https:\/\/formacio.fundesplai.org\/es\/cursos-es\/accionsocialycomunitaria\/curso-de-mediador-a-juvenil-subvencionado\/#primaryimage"},"image":{"@id":"https:\/\/formacio.fundesplai.org\/es\/cursos-es\/accionsocialycomunitaria\/curso-de-mediador-a-juvenil-subvencionado\/#primaryimage"},"thumbnailUrl":"https:\/\/formacio.fundesplai.org\/wp-content\/uploads\/2023\/08\/Curs-mediador-a-juvenil-gran.png","datePublished":"2023-08-03T15:09:08+00:00","dateModified":"2026-04-15T14:29:17+00:00","description":"Conoce las caracter\u00edsticas de la mediaci\u00f3n en comunidades de j\u00f3venes y convi\u00e9rtete en mediador o mediadora juvenil con este curso subvencionado. %","breadcrumb":{"@id":"https:\/\/formacio.fundesplai.org\/es\/cursos-es\/accionsocialycomunitaria\/curso-de-mediador-a-juvenil-subvencionado\/#breadcrumb"},"inLanguage":"es","potentialAction":[{"@type":"ReadAction","target":["https:\/\/formacio.fundesplai.org\/es\/cursos-es\/accionsocialycomunitaria\/curso-de-mediador-a-juvenil-subvencionado\/"]}]},{"@type":"ImageObject","inLanguage":"es","@id":"https:\/\/formacio.fundesplai.org\/es\/cursos-es\/accionsocialycomunitaria\/curso-de-mediador-a-juvenil-subvencionado\/#primaryimage","url":"https:\/\/formacio.fundesplai.org\/wp-content\/uploads\/2023\/08\/Curs-mediador-a-juvenil-gran.png","contentUrl":"https:\/\/formacio.fundesplai.org\/wp-content\/uploads\/2023\/08\/Curs-mediador-a-juvenil-gran.png","width":1200,"height":571,"caption":"Curso de mediador o mediadora juvenil"},{"@type":"BreadcrumbList","@id":"https:\/\/formacio.fundesplai.org\/es\/cursos-es\/accionsocialycomunitaria\/curso-de-mediador-a-juvenil-subvencionado\/#breadcrumb","itemListElement":[{"@type":"ListItem","position":1,"name":"Inici","item":"https:\/\/formacio.fundesplai.org\/es\/inicio\/"},{"@type":"ListItem","position":2,"name":"Encuentra tu curso","item":"https:\/\/formacio.fundesplai.org\/es\/cursos\/"},{"@type":"ListItem","position":3,"name":"Accion social y comunitaria","item":"https:\/\/formacio.fundesplai.org\/es\/cursos\/accionsocialycomunitaria\/"},{"@type":"ListItem","position":4,"name":"Curso de Mediador\/a Juvenil online subvencionado"}]},{"@type":"WebSite","@id":"https:\/\/formacio.fundesplai.org\/es\/#website","url":"https:\/\/formacio.fundesplai.org\/es\/","name":"Fundesplai Formaci\u00f3","description":"","potentialAction":[{"@type":"SearchAction","target":{"@type":"EntryPoint","urlTemplate":"https:\/\/formacio.fundesplai.org\/es\/?s={search_term_string}"},"query-input":{"@type":"PropertyValueSpecification","valueRequired":true,"valueName":"search_term_string"}}],"inLanguage":"es"}]}},"_links":{"self":[{"href":"https:\/\/formacio.fundesplai.org\/es\/wp-json\/wp\/v2\/product\/34292","targetHints":{"allow":["GET"]}}],"collection":[{"href":"https:\/\/formacio.fundesplai.org\/es\/wp-json\/wp\/v2\/product"}],"about":[{"href":"https:\/\/formacio.fundesplai.org\/es\/wp-json\/wp\/v2\/types\/product"}],"replies":[{"embeddable":true,"href":"https:\/\/formacio.fundesplai.org\/es\/wp-json\/wp\/v2\/comments?post=34292"}],"wp:featuredmedia":[{"embeddable":true,"href":"https:\/\/formacio.fundesplai.org\/es\/wp-json\/wp\/v2\/media\/34261"}],"wp:attachment":[{"href":"https:\/\/formacio.fundesplai.org\/es\/wp-json\/wp\/v2\/media?parent=34292"}],"wp:term":[{"taxonomy":"product_brand","embeddable":true,"href":"https:\/\/formacio.fundesplai.org\/es\/wp-json\/wp\/v2\/product_brand?post=34292"},{"taxonomy":"product_cat","embeddable":true,"href":"https:\/\/formacio.fundesplai.org\/es\/wp-json\/wp\/v2\/product_cat?post=34292"},{"taxonomy":"product_tag","embeddable":true,"href":"https:\/\/formacio.fundesplai.org\/es\/wp-json\/wp\/v2\/product_tag?post=34292"}],"curies":[{"name":"wp","href":"https:\/\/api.w.org\/{rel}","templated":true}]}}