{"id":38501,"date":"2023-12-14T12:53:53","date_gmt":"2023-12-14T11:53:53","guid":{"rendered":"https:\/\/formacio.fundesplai.org\/cursos\/sense%20categoria\/curso-de-estrategias-del-control-del-estres-burnout-y-riesgos-psicosociales\/"},"modified":"2025-11-13T10:33:04","modified_gmt":"2025-11-13T09:33:04","slug":"curso-estrategias-control-estres-burnout-riesgos-psicosociales","status":"publish","type":"product","link":"https:\/\/formacio.fundesplai.org\/es\/cursos-es\/accionsocialycomunitaria\/curso-estrategias-control-estres-burnout-riesgos-psicosociales\/","title":{"rendered":"Curso de Estrategias del control del Estr\u00e9s, Burnout y Riesgos Psicosociales"},"excerpt":{"rendered":"<p>\u00a1F\u00f3rmate en estrategias para la salud y el bienestar en el entorno laboral!<\/p>\n","protected":false},"featured_media":38204,"comment_status":"closed","ping_status":"closed","template":"","meta":{"_et_pb_use_builder":"","_et_pb_old_content":"","_et_gb_content_width":""},"product_brand":[],"product_cat":[89,700],"product_tag":[],"class_list":{"0":"post-38501","1":"product","2":"type-product","3":"status-publish","4":"has-post-thumbnail","6":"product_cat-accionsocialycomunitaria","7":"product_cat-habilidadesinterpersonales","9":"first","10":"instock","11":"virtual","12":"sold-individually","13":"taxable","14":"purchasable","15":"product-type-simple"},"yoast_head":"<!-- This site is optimized with the Yoast SEO plugin v27.6 - https:\/\/yoast.com\/product\/yoast-seo-wordpress\/ -->\n<title>Curso de Estrategias del control del Estr\u00e9s, Burnout y Riesgos Psicosociales - Fundesplai Formaci\u00f3<\/title>\n<meta name=\"description\" content=\"Con este curso aprender\u00e1s estrategias de prevenci\u00f3n del estr\u00e9s y el burnout para evitar la aparici\u00f3n de riesgos psicosociales.\" \/>\n<meta name=\"robots\" content=\"index, follow, max-snippet:-1, max-image-preview:large, max-video-preview:-1\" \/>\n<link rel=\"canonical\" href=\"https:\/\/formacio.fundesplai.org\/es\/cursos-es\/accionsocialycomunitaria\/curso-estrategias-control-estres-burnout-riesgos-psicosociales\/\" \/>\n<meta property=\"og:locale\" content=\"es_ES\" \/>\n<meta property=\"og:type\" content=\"article\" \/>\n<meta property=\"og:title\" content=\"Curso de Estrategias del control del Estr\u00e9s, Burnout y Riesgos Psicosociales - Fundesplai Formaci\u00f3\" \/>\n<meta property=\"og:description\" content=\"Con este curso aprender\u00e1s estrategias de prevenci\u00f3n del estr\u00e9s y el burnout para evitar la aparici\u00f3n de riesgos psicosociales.\" \/>\n<meta property=\"og:url\" content=\"https:\/\/formacio.fundesplai.org\/es\/cursos-es\/accionsocialycomunitaria\/curso-estrategias-control-estres-burnout-riesgos-psicosociales\/\" \/>\n<meta property=\"og:site_name\" content=\"Fundesplai Formaci\u00f3\" \/>\n<meta property=\"article:modified_time\" content=\"2025-11-13T09:33:04+00:00\" \/>\n<meta property=\"og:image\" content=\"https:\/\/formacio.fundesplai.org\/wp-content\/uploads\/2023\/12\/Curs-Control-de-lestres.jpg\" \/>\n\t<meta property=\"og:image:width\" content=\"1888\" \/>\n\t<meta property=\"og:image:height\" content=\"900\" \/>\n\t<meta property=\"og:image:type\" content=\"image\/jpeg\" \/>\n<meta name=\"twitter:card\" content=\"summary_large_image\" \/>\n<script type=\"application\/ld+json\" class=\"yoast-schema-graph\">{\"@context\":\"https:\\\/\\\/schema.org\",\"@graph\":[{\"@type\":\"WebPage\",\"@id\":\"https:\\\/\\\/formacio.fundesplai.org\\\/es\\\/cursos-es\\\/accionsocialycomunitaria\\\/curso-estrategias-control-estres-burnout-riesgos-psicosociales\\\/\",\"url\":\"https:\\\/\\\/formacio.fundesplai.org\\\/es\\\/cursos-es\\\/accionsocialycomunitaria\\\/curso-estrategias-control-estres-burnout-riesgos-psicosociales\\\/\",\"name\":\"Curso de Estrategias del control del Estr\u00e9s, Burnout y Riesgos Psicosociales - Fundesplai Formaci\u00f3\",\"isPartOf\":{\"@id\":\"https:\\\/\\\/formacio.fundesplai.org\\\/es\\\/#website\"},\"primaryImageOfPage\":{\"@id\":\"https:\\\/\\\/formacio.fundesplai.org\\\/es\\\/cursos-es\\\/accionsocialycomunitaria\\\/curso-estrategias-control-estres-burnout-riesgos-psicosociales\\\/#primaryimage\"},\"image\":{\"@id\":\"https:\\\/\\\/formacio.fundesplai.org\\\/es\\\/cursos-es\\\/accionsocialycomunitaria\\\/curso-estrategias-control-estres-burnout-riesgos-psicosociales\\\/#primaryimage\"},\"thumbnailUrl\":\"https:\\\/\\\/formacio.fundesplai.org\\\/wp-content\\\/uploads\\\/2023\\\/12\\\/Curs-Control-de-lestres.jpg\",\"datePublished\":\"2023-12-14T11:53:53+00:00\",\"dateModified\":\"2025-11-13T09:33:04+00:00\",\"description\":\"Con este curso aprender\u00e1s estrategias de prevenci\u00f3n del estr\u00e9s y el burnout para evitar la aparici\u00f3n de riesgos psicosociales.\",\"breadcrumb\":{\"@id\":\"https:\\\/\\\/formacio.fundesplai.org\\\/es\\\/cursos-es\\\/accionsocialycomunitaria\\\/curso-estrategias-control-estres-burnout-riesgos-psicosociales\\\/#breadcrumb\"},\"inLanguage\":\"es\",\"potentialAction\":[{\"@type\":\"ReadAction\",\"target\":[\"https:\\\/\\\/formacio.fundesplai.org\\\/es\\\/cursos-es\\\/accionsocialycomunitaria\\\/curso-estrategias-control-estres-burnout-riesgos-psicosociales\\\/\"]}]},{\"@type\":\"ImageObject\",\"inLanguage\":\"es\",\"@id\":\"https:\\\/\\\/formacio.fundesplai.org\\\/es\\\/cursos-es\\\/accionsocialycomunitaria\\\/curso-estrategias-control-estres-burnout-riesgos-psicosociales\\\/#primaryimage\",\"url\":\"https:\\\/\\\/formacio.fundesplai.org\\\/wp-content\\\/uploads\\\/2023\\\/12\\\/Curs-Control-de-lestres.jpg\",\"contentUrl\":\"https:\\\/\\\/formacio.fundesplai.org\\\/wp-content\\\/uploads\\\/2023\\\/12\\\/Curs-Control-de-lestres.jpg\",\"width\":1888,\"height\":900,\"caption\":\"Persona sobre una taula amb una llibreta per sobre, per il\u00b7lustrar el Control de l'estr\u00e8s\"},{\"@type\":\"BreadcrumbList\",\"@id\":\"https:\\\/\\\/formacio.fundesplai.org\\\/es\\\/cursos-es\\\/accionsocialycomunitaria\\\/curso-estrategias-control-estres-burnout-riesgos-psicosociales\\\/#breadcrumb\",\"itemListElement\":[{\"@type\":\"ListItem\",\"position\":1,\"name\":\"Inici\",\"item\":\"https:\\\/\\\/formacio.fundesplai.org\\\/es\\\/inicio\\\/\"},{\"@type\":\"ListItem\",\"position\":2,\"name\":\"Encuentra tu curso\",\"item\":\"https:\\\/\\\/formacio.fundesplai.org\\\/es\\\/cursos\\\/\"},{\"@type\":\"ListItem\",\"position\":3,\"name\":\"Habilidades interpersonales\",\"item\":\"https:\\\/\\\/formacio.fundesplai.org\\\/es\\\/cursos\\\/habilidadesinterpersonales\\\/\"},{\"@type\":\"ListItem\",\"position\":4,\"name\":\"Curso de Estrategias del control del Estr\u00e9s, Burnout y Riesgos Psicosociales\"}]},{\"@type\":\"WebSite\",\"@id\":\"https:\\\/\\\/formacio.fundesplai.org\\\/es\\\/#website\",\"url\":\"https:\\\/\\\/formacio.fundesplai.org\\\/es\\\/\",\"name\":\"Fundesplai Formaci\u00f3\",\"description\":\"\",\"potentialAction\":[{\"@type\":\"SearchAction\",\"target\":{\"@type\":\"EntryPoint\",\"urlTemplate\":\"https:\\\/\\\/formacio.fundesplai.org\\\/es\\\/?s={search_term_string}\"},\"query-input\":{\"@type\":\"PropertyValueSpecification\",\"valueRequired\":true,\"valueName\":\"search_term_string\"}}],\"inLanguage\":\"es\"}]}<\/script>\n<!-- \/ Yoast SEO plugin. -->","yoast_head_json":{"title":"Curso de Estrategias del control del Estr\u00e9s, Burnout y Riesgos Psicosociales - Fundesplai Formaci\u00f3","description":"Con este curso aprender\u00e1s estrategias de prevenci\u00f3n del estr\u00e9s y el burnout para evitar la aparici\u00f3n de riesgos psicosociales.","robots":{"index":"index","follow":"follow","max-snippet":"max-snippet:-1","max-image-preview":"max-image-preview:large","max-video-preview":"max-video-preview:-1"},"canonical":"https:\/\/formacio.fundesplai.org\/es\/cursos-es\/accionsocialycomunitaria\/curso-estrategias-control-estres-burnout-riesgos-psicosociales\/","og_locale":"es_ES","og_type":"article","og_title":"Curso de Estrategias del control del Estr\u00e9s, Burnout y Riesgos Psicosociales - Fundesplai Formaci\u00f3","og_description":"Con este curso aprender\u00e1s estrategias de prevenci\u00f3n del estr\u00e9s y el burnout para evitar la aparici\u00f3n de riesgos psicosociales.","og_url":"https:\/\/formacio.fundesplai.org\/es\/cursos-es\/accionsocialycomunitaria\/curso-estrategias-control-estres-burnout-riesgos-psicosociales\/","og_site_name":"Fundesplai Formaci\u00f3","article_modified_time":"2025-11-13T09:33:04+00:00","og_image":[{"width":1888,"height":900,"url":"https:\/\/formacio.fundesplai.org\/wp-content\/uploads\/2023\/12\/Curs-Control-de-lestres.jpg","type":"image\/jpeg"}],"twitter_card":"summary_large_image","schema":{"@context":"https:\/\/schema.org","@graph":[{"@type":"WebPage","@id":"https:\/\/formacio.fundesplai.org\/es\/cursos-es\/accionsocialycomunitaria\/curso-estrategias-control-estres-burnout-riesgos-psicosociales\/","url":"https:\/\/formacio.fundesplai.org\/es\/cursos-es\/accionsocialycomunitaria\/curso-estrategias-control-estres-burnout-riesgos-psicosociales\/","name":"Curso de Estrategias del control del Estr\u00e9s, Burnout y Riesgos Psicosociales - Fundesplai Formaci\u00f3","isPartOf":{"@id":"https:\/\/formacio.fundesplai.org\/es\/#website"},"primaryImageOfPage":{"@id":"https:\/\/formacio.fundesplai.org\/es\/cursos-es\/accionsocialycomunitaria\/curso-estrategias-control-estres-burnout-riesgos-psicosociales\/#primaryimage"},"image":{"@id":"https:\/\/formacio.fundesplai.org\/es\/cursos-es\/accionsocialycomunitaria\/curso-estrategias-control-estres-burnout-riesgos-psicosociales\/#primaryimage"},"thumbnailUrl":"https:\/\/formacio.fundesplai.org\/wp-content\/uploads\/2023\/12\/Curs-Control-de-lestres.jpg","datePublished":"2023-12-14T11:53:53+00:00","dateModified":"2025-11-13T09:33:04+00:00","description":"Con este curso aprender\u00e1s estrategias de prevenci\u00f3n del estr\u00e9s y el burnout para evitar la aparici\u00f3n de riesgos psicosociales.","breadcrumb":{"@id":"https:\/\/formacio.fundesplai.org\/es\/cursos-es\/accionsocialycomunitaria\/curso-estrategias-control-estres-burnout-riesgos-psicosociales\/#breadcrumb"},"inLanguage":"es","potentialAction":[{"@type":"ReadAction","target":["https:\/\/formacio.fundesplai.org\/es\/cursos-es\/accionsocialycomunitaria\/curso-estrategias-control-estres-burnout-riesgos-psicosociales\/"]}]},{"@type":"ImageObject","inLanguage":"es","@id":"https:\/\/formacio.fundesplai.org\/es\/cursos-es\/accionsocialycomunitaria\/curso-estrategias-control-estres-burnout-riesgos-psicosociales\/#primaryimage","url":"https:\/\/formacio.fundesplai.org\/wp-content\/uploads\/2023\/12\/Curs-Control-de-lestres.jpg","contentUrl":"https:\/\/formacio.fundesplai.org\/wp-content\/uploads\/2023\/12\/Curs-Control-de-lestres.jpg","width":1888,"height":900,"caption":"Persona sobre una taula amb una llibreta per sobre, per il\u00b7lustrar el Control de l'estr\u00e8s"},{"@type":"BreadcrumbList","@id":"https:\/\/formacio.fundesplai.org\/es\/cursos-es\/accionsocialycomunitaria\/curso-estrategias-control-estres-burnout-riesgos-psicosociales\/#breadcrumb","itemListElement":[{"@type":"ListItem","position":1,"name":"Inici","item":"https:\/\/formacio.fundesplai.org\/es\/inicio\/"},{"@type":"ListItem","position":2,"name":"Encuentra tu curso","item":"https:\/\/formacio.fundesplai.org\/es\/cursos\/"},{"@type":"ListItem","position":3,"name":"Habilidades interpersonales","item":"https:\/\/formacio.fundesplai.org\/es\/cursos\/habilidadesinterpersonales\/"},{"@type":"ListItem","position":4,"name":"Curso de Estrategias del control del Estr\u00e9s, Burnout y Riesgos Psicosociales"}]},{"@type":"WebSite","@id":"https:\/\/formacio.fundesplai.org\/es\/#website","url":"https:\/\/formacio.fundesplai.org\/es\/","name":"Fundesplai Formaci\u00f3","description":"","potentialAction":[{"@type":"SearchAction","target":{"@type":"EntryPoint","urlTemplate":"https:\/\/formacio.fundesplai.org\/es\/?s={search_term_string}"},"query-input":{"@type":"PropertyValueSpecification","valueRequired":true,"valueName":"search_term_string"}}],"inLanguage":"es"}]}},"_links":{"self":[{"href":"https:\/\/formacio.fundesplai.org\/es\/wp-json\/wp\/v2\/product\/38501","targetHints":{"allow":["GET"]}}],"collection":[{"href":"https:\/\/formacio.fundesplai.org\/es\/wp-json\/wp\/v2\/product"}],"about":[{"href":"https:\/\/formacio.fundesplai.org\/es\/wp-json\/wp\/v2\/types\/product"}],"replies":[{"embeddable":true,"href":"https:\/\/formacio.fundesplai.org\/es\/wp-json\/wp\/v2\/comments?post=38501"}],"wp:featuredmedia":[{"embeddable":true,"href":"https:\/\/formacio.fundesplai.org\/es\/wp-json\/wp\/v2\/media\/38204"}],"wp:attachment":[{"href":"https:\/\/formacio.fundesplai.org\/es\/wp-json\/wp\/v2\/media?parent=38501"}],"wp:term":[{"taxonomy":"product_brand","embeddable":true,"href":"https:\/\/formacio.fundesplai.org\/es\/wp-json\/wp\/v2\/product_brand?post=38501"},{"taxonomy":"product_cat","embeddable":true,"href":"https:\/\/formacio.fundesplai.org\/es\/wp-json\/wp\/v2\/product_cat?post=38501"},{"taxonomy":"product_tag","embeddable":true,"href":"https:\/\/formacio.fundesplai.org\/es\/wp-json\/wp\/v2\/product_tag?post=38501"}],"curies":[{"name":"wp","href":"https:\/\/api.w.org\/{rel}","templated":true}]}}