{"id":41827,"date":"2024-03-11T09:30:49","date_gmt":"2024-03-11T08:30:50","guid":{"rendered":"https:\/\/formacio.fundesplai.org\/?post_type=product&#038;p=41827"},"modified":"2025-04-28T08:12:23","modified_gmt":"2025-04-28T06:12:23","slug":"curso-de-coaching-de-fortalezas-subvencionado","status":"publish","type":"product","link":"https:\/\/formacio.fundesplai.org\/es\/cursos-es\/accionsocialycomunitaria\/curso-de-coaching-de-fortalezas-subvencionado\/","title":{"rendered":"Curso de Coaching de Fortalezas subvencionado"},"excerpt":{"rendered":"<p>\u00a1Descubre tus fortalezas a trav\u00e9s del coaching!<\/p>\n","protected":false},"featured_media":54888,"comment_status":"closed","ping_status":"closed","template":"","meta":{"_et_pb_use_builder":"","_et_pb_old_content":"","_et_gb_content_width":""},"product_brand":[],"product_cat":[89,675,700],"product_tag":[702,701],"class_list":{"0":"post-41827","1":"product","2":"type-product","3":"status-publish","4":"has-post-thumbnail","6":"product_cat-accionsocialycomunitaria","7":"product_cat-educacioncat","8":"product_cat-habilidadesinterpersonales","9":"product_tag-coaching-es","10":"product_tag-liderazgo","12":"first","13":"instock","14":"virtual","15":"sold-individually","16":"taxable","17":"product-type-simple"},"yoast_head":"<!-- This site is optimized with the Yoast SEO plugin v27.5 - https:\/\/yoast.com\/product\/yoast-seo-wordpress\/ -->\n<title>Curso de Coaching de Fortalezas subvencionado - Fundesplai Formaci\u00f3<\/title>\n<meta name=\"description\" content=\"\u00a1Descubre cu\u00e1les son tus puntos fuertes y potencialos a\u00fan m\u00e1s con las herramientas del coaching en este curso subvencionado para trabajadores en activo!\" \/>\n<meta name=\"robots\" content=\"index, follow, max-snippet:-1, max-image-preview:large, max-video-preview:-1\" \/>\n<link rel=\"canonical\" href=\"https:\/\/formacio.fundesplai.org\/es\/cursos-es\/accionsocialycomunitaria\/curso-de-coaching-de-fortalezas-subvencionado\/\" \/>\n<meta property=\"og:locale\" content=\"es_ES\" \/>\n<meta property=\"og:type\" content=\"article\" \/>\n<meta property=\"og:title\" content=\"Curso de Coaching de Fortalezas subvencionado - Fundesplai Formaci\u00f3\" \/>\n<meta property=\"og:description\" content=\"\u00a1Descubre cu\u00e1les son tus puntos fuertes y potencialos a\u00fan m\u00e1s con las herramientas del coaching en este curso subvencionado para trabajadores en activo!\" \/>\n<meta property=\"og:url\" content=\"https:\/\/formacio.fundesplai.org\/es\/cursos-es\/accionsocialycomunitaria\/curso-de-coaching-de-fortalezas-subvencionado\/\" \/>\n<meta property=\"og:site_name\" content=\"Fundesplai Formaci\u00f3\" \/>\n<meta property=\"article:modified_time\" content=\"2025-04-28T06:12:23+00:00\" \/>\n<meta property=\"og:image\" content=\"https:\/\/formacio.fundesplai.org\/wp-content\/uploads\/2024\/03\/Curs-de-coaching-de-fortaleses.jpg\" \/>\n\t<meta property=\"og:image:width\" content=\"1888\" \/>\n\t<meta property=\"og:image:height\" content=\"900\" \/>\n\t<meta property=\"og:image:type\" content=\"image\/jpeg\" \/>\n<meta name=\"twitter:card\" content=\"summary_large_image\" \/>\n<meta name=\"twitter:label1\" content=\"Tiempo de lectura\" \/>\n\t<meta name=\"twitter:data1\" content=\"1 minuto\" \/>\n<script type=\"application\/ld+json\" class=\"yoast-schema-graph\">{\"@context\":\"https:\\\/\\\/schema.org\",\"@graph\":[{\"@type\":\"WebPage\",\"@id\":\"https:\\\/\\\/formacio.fundesplai.org\\\/es\\\/cursos-es\\\/accionsocialycomunitaria\\\/curso-de-coaching-de-fortalezas-subvencionado\\\/\",\"url\":\"https:\\\/\\\/formacio.fundesplai.org\\\/es\\\/cursos-es\\\/accionsocialycomunitaria\\\/curso-de-coaching-de-fortalezas-subvencionado\\\/\",\"name\":\"Curso de Coaching de Fortalezas subvencionado - Fundesplai Formaci\u00f3\",\"isPartOf\":{\"@id\":\"https:\\\/\\\/formacio.fundesplai.org\\\/es\\\/#website\"},\"primaryImageOfPage\":{\"@id\":\"https:\\\/\\\/formacio.fundesplai.org\\\/es\\\/cursos-es\\\/accionsocialycomunitaria\\\/curso-de-coaching-de-fortalezas-subvencionado\\\/#primaryimage\"},\"image\":{\"@id\":\"https:\\\/\\\/formacio.fundesplai.org\\\/es\\\/cursos-es\\\/accionsocialycomunitaria\\\/curso-de-coaching-de-fortalezas-subvencionado\\\/#primaryimage\"},\"thumbnailUrl\":\"https:\\\/\\\/formacio.fundesplai.org\\\/wp-content\\\/uploads\\\/2024\\\/03\\\/Curs-de-coaching-de-fortaleses.jpg\",\"datePublished\":\"2024-03-11T08:30:50+00:00\",\"dateModified\":\"2025-04-28T06:12:23+00:00\",\"description\":\"\u00a1Descubre cu\u00e1les son tus puntos fuertes y potencialos a\u00fan m\u00e1s con las herramientas del coaching en este curso subvencionado para trabajadores en activo!\",\"breadcrumb\":{\"@id\":\"https:\\\/\\\/formacio.fundesplai.org\\\/es\\\/cursos-es\\\/accionsocialycomunitaria\\\/curso-de-coaching-de-fortalezas-subvencionado\\\/#breadcrumb\"},\"inLanguage\":\"es\",\"potentialAction\":[{\"@type\":\"ReadAction\",\"target\":[\"https:\\\/\\\/formacio.fundesplai.org\\\/es\\\/cursos-es\\\/accionsocialycomunitaria\\\/curso-de-coaching-de-fortalezas-subvencionado\\\/\"]}]},{\"@type\":\"ImageObject\",\"inLanguage\":\"es\",\"@id\":\"https:\\\/\\\/formacio.fundesplai.org\\\/es\\\/cursos-es\\\/accionsocialycomunitaria\\\/curso-de-coaching-de-fortalezas-subvencionado\\\/#primaryimage\",\"url\":\"https:\\\/\\\/formacio.fundesplai.org\\\/wp-content\\\/uploads\\\/2024\\\/03\\\/Curs-de-coaching-de-fortaleses.jpg\",\"contentUrl\":\"https:\\\/\\\/formacio.fundesplai.org\\\/wp-content\\\/uploads\\\/2024\\\/03\\\/Curs-de-coaching-de-fortaleses.jpg\",\"width\":1888,\"height\":900,\"caption\":\"Persona caminant a un\"},{\"@type\":\"BreadcrumbList\",\"@id\":\"https:\\\/\\\/formacio.fundesplai.org\\\/es\\\/cursos-es\\\/accionsocialycomunitaria\\\/curso-de-coaching-de-fortalezas-subvencionado\\\/#breadcrumb\",\"itemListElement\":[{\"@type\":\"ListItem\",\"position\":1,\"name\":\"Inici\",\"item\":\"https:\\\/\\\/formacio.fundesplai.org\\\/es\\\/inicio\\\/\"},{\"@type\":\"ListItem\",\"position\":2,\"name\":\"Encuentra tu curso\",\"item\":\"https:\\\/\\\/formacio.fundesplai.org\\\/es\\\/cursos\\\/\"},{\"@type\":\"ListItem\",\"position\":3,\"name\":\"Habilidades interpersonales\",\"item\":\"https:\\\/\\\/formacio.fundesplai.org\\\/es\\\/cursos\\\/habilidadesinterpersonales\\\/\"},{\"@type\":\"ListItem\",\"position\":4,\"name\":\"Curso de Coaching de Fortalezas subvencionado\"}]},{\"@type\":\"WebSite\",\"@id\":\"https:\\\/\\\/formacio.fundesplai.org\\\/es\\\/#website\",\"url\":\"https:\\\/\\\/formacio.fundesplai.org\\\/es\\\/\",\"name\":\"Fundesplai Formaci\u00f3\",\"description\":\"\",\"potentialAction\":[{\"@type\":\"SearchAction\",\"target\":{\"@type\":\"EntryPoint\",\"urlTemplate\":\"https:\\\/\\\/formacio.fundesplai.org\\\/es\\\/?s={search_term_string}\"},\"query-input\":{\"@type\":\"PropertyValueSpecification\",\"valueRequired\":true,\"valueName\":\"search_term_string\"}}],\"inLanguage\":\"es\"}]}<\/script>\n<!-- \/ Yoast SEO plugin. -->","yoast_head_json":{"title":"Curso de Coaching de Fortalezas subvencionado - Fundesplai Formaci\u00f3","description":"\u00a1Descubre cu\u00e1les son tus puntos fuertes y potencialos a\u00fan m\u00e1s con las herramientas del coaching en este curso subvencionado para trabajadores en activo!","robots":{"index":"index","follow":"follow","max-snippet":"max-snippet:-1","max-image-preview":"max-image-preview:large","max-video-preview":"max-video-preview:-1"},"canonical":"https:\/\/formacio.fundesplai.org\/es\/cursos-es\/accionsocialycomunitaria\/curso-de-coaching-de-fortalezas-subvencionado\/","og_locale":"es_ES","og_type":"article","og_title":"Curso de Coaching de Fortalezas subvencionado - Fundesplai Formaci\u00f3","og_description":"\u00a1Descubre cu\u00e1les son tus puntos fuertes y potencialos a\u00fan m\u00e1s con las herramientas del coaching en este curso subvencionado para trabajadores en activo!","og_url":"https:\/\/formacio.fundesplai.org\/es\/cursos-es\/accionsocialycomunitaria\/curso-de-coaching-de-fortalezas-subvencionado\/","og_site_name":"Fundesplai Formaci\u00f3","article_modified_time":"2025-04-28T06:12:23+00:00","og_image":[{"width":1888,"height":900,"url":"https:\/\/formacio.fundesplai.org\/wp-content\/uploads\/2024\/03\/Curs-de-coaching-de-fortaleses.jpg","type":"image\/jpeg"}],"twitter_card":"summary_large_image","twitter_misc":{"Tiempo de lectura":"1 minuto"},"schema":{"@context":"https:\/\/schema.org","@graph":[{"@type":"WebPage","@id":"https:\/\/formacio.fundesplai.org\/es\/cursos-es\/accionsocialycomunitaria\/curso-de-coaching-de-fortalezas-subvencionado\/","url":"https:\/\/formacio.fundesplai.org\/es\/cursos-es\/accionsocialycomunitaria\/curso-de-coaching-de-fortalezas-subvencionado\/","name":"Curso de Coaching de Fortalezas subvencionado - Fundesplai Formaci\u00f3","isPartOf":{"@id":"https:\/\/formacio.fundesplai.org\/es\/#website"},"primaryImageOfPage":{"@id":"https:\/\/formacio.fundesplai.org\/es\/cursos-es\/accionsocialycomunitaria\/curso-de-coaching-de-fortalezas-subvencionado\/#primaryimage"},"image":{"@id":"https:\/\/formacio.fundesplai.org\/es\/cursos-es\/accionsocialycomunitaria\/curso-de-coaching-de-fortalezas-subvencionado\/#primaryimage"},"thumbnailUrl":"https:\/\/formacio.fundesplai.org\/wp-content\/uploads\/2024\/03\/Curs-de-coaching-de-fortaleses.jpg","datePublished":"2024-03-11T08:30:50+00:00","dateModified":"2025-04-28T06:12:23+00:00","description":"\u00a1Descubre cu\u00e1les son tus puntos fuertes y potencialos a\u00fan m\u00e1s con las herramientas del coaching en este curso subvencionado para trabajadores en activo!","breadcrumb":{"@id":"https:\/\/formacio.fundesplai.org\/es\/cursos-es\/accionsocialycomunitaria\/curso-de-coaching-de-fortalezas-subvencionado\/#breadcrumb"},"inLanguage":"es","potentialAction":[{"@type":"ReadAction","target":["https:\/\/formacio.fundesplai.org\/es\/cursos-es\/accionsocialycomunitaria\/curso-de-coaching-de-fortalezas-subvencionado\/"]}]},{"@type":"ImageObject","inLanguage":"es","@id":"https:\/\/formacio.fundesplai.org\/es\/cursos-es\/accionsocialycomunitaria\/curso-de-coaching-de-fortalezas-subvencionado\/#primaryimage","url":"https:\/\/formacio.fundesplai.org\/wp-content\/uploads\/2024\/03\/Curs-de-coaching-de-fortaleses.jpg","contentUrl":"https:\/\/formacio.fundesplai.org\/wp-content\/uploads\/2024\/03\/Curs-de-coaching-de-fortaleses.jpg","width":1888,"height":900,"caption":"Persona caminant a un"},{"@type":"BreadcrumbList","@id":"https:\/\/formacio.fundesplai.org\/es\/cursos-es\/accionsocialycomunitaria\/curso-de-coaching-de-fortalezas-subvencionado\/#breadcrumb","itemListElement":[{"@type":"ListItem","position":1,"name":"Inici","item":"https:\/\/formacio.fundesplai.org\/es\/inicio\/"},{"@type":"ListItem","position":2,"name":"Encuentra tu curso","item":"https:\/\/formacio.fundesplai.org\/es\/cursos\/"},{"@type":"ListItem","position":3,"name":"Habilidades interpersonales","item":"https:\/\/formacio.fundesplai.org\/es\/cursos\/habilidadesinterpersonales\/"},{"@type":"ListItem","position":4,"name":"Curso de Coaching de Fortalezas subvencionado"}]},{"@type":"WebSite","@id":"https:\/\/formacio.fundesplai.org\/es\/#website","url":"https:\/\/formacio.fundesplai.org\/es\/","name":"Fundesplai Formaci\u00f3","description":"","potentialAction":[{"@type":"SearchAction","target":{"@type":"EntryPoint","urlTemplate":"https:\/\/formacio.fundesplai.org\/es\/?s={search_term_string}"},"query-input":{"@type":"PropertyValueSpecification","valueRequired":true,"valueName":"search_term_string"}}],"inLanguage":"es"}]}},"_links":{"self":[{"href":"https:\/\/formacio.fundesplai.org\/es\/wp-json\/wp\/v2\/product\/41827","targetHints":{"allow":["GET"]}}],"collection":[{"href":"https:\/\/formacio.fundesplai.org\/es\/wp-json\/wp\/v2\/product"}],"about":[{"href":"https:\/\/formacio.fundesplai.org\/es\/wp-json\/wp\/v2\/types\/product"}],"replies":[{"embeddable":true,"href":"https:\/\/formacio.fundesplai.org\/es\/wp-json\/wp\/v2\/comments?post=41827"}],"wp:featuredmedia":[{"embeddable":true,"href":"https:\/\/formacio.fundesplai.org\/es\/wp-json\/wp\/v2\/media\/54888"}],"wp:attachment":[{"href":"https:\/\/formacio.fundesplai.org\/es\/wp-json\/wp\/v2\/media?parent=41827"}],"wp:term":[{"taxonomy":"product_brand","embeddable":true,"href":"https:\/\/formacio.fundesplai.org\/es\/wp-json\/wp\/v2\/product_brand?post=41827"},{"taxonomy":"product_cat","embeddable":true,"href":"https:\/\/formacio.fundesplai.org\/es\/wp-json\/wp\/v2\/product_cat?post=41827"},{"taxonomy":"product_tag","embeddable":true,"href":"https:\/\/formacio.fundesplai.org\/es\/wp-json\/wp\/v2\/product_tag?post=41827"}],"curies":[{"name":"wp","href":"https:\/\/api.w.org\/{rel}","templated":true}]}}