{"id":45385,"date":"2024-06-19T10:09:06","date_gmt":"2024-06-19T08:09:06","guid":{"rendered":"https:\/\/formacio.fundesplai.org\/cursos\/sense%20categoria\/ciclo-formativo-de-grado-medio-de-futbol\/"},"modified":"2026-04-08T16:22:16","modified_gmt":"2026-04-08T14:22:16","slug":"ciclo-formativo-de-grado-medio-de-futbol","status":"publish","type":"product","link":"https:\/\/formacio.fundesplai.org\/es\/cursos-es\/deporte\/ciclo-formativo-de-grado-medio-de-futbol\/","title":{"rendered":"Ciclo formativo de grado medio de f\u00fatbol Nivel 1 + Nivel 2"},"excerpt":{"rendered":"<p align=\"center\"><b>\u00a1F\u00f3rmate y ded\u00edcate profesionalmente al mundo del f\u00fatbol!<\/b><\/p>\n","protected":false},"featured_media":44813,"comment_status":"closed","ping_status":"closed","template":"","meta":{"_et_pb_use_builder":"","_et_pb_old_content":"","_et_gb_content_width":""},"product_brand":[],"product_cat":[912],"product_tag":[919],"class_list":{"0":"post-45385","1":"product","2":"type-product","3":"status-publish","4":"has-post-thumbnail","6":"product_cat-deporte","7":"product_tag-deporte","9":"first","10":"instock","11":"virtual","12":"sold-individually","13":"taxable","14":"purchasable","15":"product-type-simple"},"yoast_head":"<!-- This site is optimized with the Yoast SEO plugin v27.6 - https:\/\/yoast.com\/product\/yoast-seo-wordpress\/ -->\n<title>Ciclo formativo de grado medio de f\u00fatbol Nivel 1 + Nivel 2 - Fundesplai Formaci\u00f3<\/title>\n<meta name=\"description\" content=\"\u00a1Ded\u00edcate profesionalmente al mundo del f\u00fatbol con el ciclo formativo de grado medio de f\u00fatbol, \u200b\u200buna formaci\u00f3n completa y actualizada!\" \/>\n<meta name=\"robots\" content=\"index, follow, max-snippet:-1, max-image-preview:large, max-video-preview:-1\" \/>\n<link rel=\"canonical\" href=\"https:\/\/formacio.fundesplai.org\/es\/cursos-es\/deporte\/ciclo-formativo-de-grado-medio-de-futbol\/\" \/>\n<meta property=\"og:locale\" content=\"es_ES\" \/>\n<meta property=\"og:type\" content=\"article\" \/>\n<meta property=\"og:title\" content=\"Ciclo formativo de grado medio de f\u00fatbol Nivel 1 + Nivel 2 - Fundesplai Formaci\u00f3\" \/>\n<meta property=\"og:description\" content=\"\u00a1Ded\u00edcate profesionalmente al mundo del f\u00fatbol con el ciclo formativo de grado medio de f\u00fatbol, \u200b\u200buna formaci\u00f3n completa y actualizada!\" \/>\n<meta property=\"og:url\" content=\"https:\/\/formacio.fundesplai.org\/es\/cursos-es\/deporte\/ciclo-formativo-de-grado-medio-de-futbol\/\" \/>\n<meta property=\"og:site_name\" content=\"Fundesplai Formaci\u00f3\" \/>\n<meta property=\"article:modified_time\" content=\"2026-04-08T14:22:16+00:00\" \/>\n<meta property=\"og:image\" content=\"https:\/\/formacio.fundesplai.org\/wp-content\/uploads\/2024\/06\/Cicle-Formatiu-Futbol.jpg\" \/>\n\t<meta property=\"og:image:width\" content=\"1888\" \/>\n\t<meta property=\"og:image:height\" content=\"900\" \/>\n\t<meta property=\"og:image:type\" content=\"image\/jpeg\" \/>\n<meta name=\"twitter:card\" content=\"summary_large_image\" \/>\n<meta name=\"twitter:label1\" content=\"Tiempo de lectura\" \/>\n\t<meta name=\"twitter:data1\" content=\"1 minuto\" \/>\n<script type=\"application\/ld+json\" class=\"yoast-schema-graph\">{\"@context\":\"https:\\\/\\\/schema.org\",\"@graph\":[{\"@type\":\"WebPage\",\"@id\":\"https:\\\/\\\/formacio.fundesplai.org\\\/es\\\/cursos-es\\\/deporte\\\/ciclo-formativo-de-grado-medio-de-futbol\\\/\",\"url\":\"https:\\\/\\\/formacio.fundesplai.org\\\/es\\\/cursos-es\\\/deporte\\\/ciclo-formativo-de-grado-medio-de-futbol\\\/\",\"name\":\"Ciclo formativo de grado medio de f\u00fatbol Nivel 1 + Nivel 2 - Fundesplai Formaci\u00f3\",\"isPartOf\":{\"@id\":\"https:\\\/\\\/formacio.fundesplai.org\\\/es\\\/#website\"},\"primaryImageOfPage\":{\"@id\":\"https:\\\/\\\/formacio.fundesplai.org\\\/es\\\/cursos-es\\\/deporte\\\/ciclo-formativo-de-grado-medio-de-futbol\\\/#primaryimage\"},\"image\":{\"@id\":\"https:\\\/\\\/formacio.fundesplai.org\\\/es\\\/cursos-es\\\/deporte\\\/ciclo-formativo-de-grado-medio-de-futbol\\\/#primaryimage\"},\"thumbnailUrl\":\"https:\\\/\\\/formacio.fundesplai.org\\\/wp-content\\\/uploads\\\/2024\\\/06\\\/Cicle-Formatiu-Futbol.jpg\",\"datePublished\":\"2024-06-19T08:09:06+00:00\",\"dateModified\":\"2026-04-08T14:22:16+00:00\",\"description\":\"\u00a1Ded\u00edcate profesionalmente al mundo del f\u00fatbol con el ciclo formativo de grado medio de f\u00fatbol, \u200b\u200buna formaci\u00f3n completa y actualizada!\",\"breadcrumb\":{\"@id\":\"https:\\\/\\\/formacio.fundesplai.org\\\/es\\\/cursos-es\\\/deporte\\\/ciclo-formativo-de-grado-medio-de-futbol\\\/#breadcrumb\"},\"inLanguage\":\"es\",\"potentialAction\":[{\"@type\":\"ReadAction\",\"target\":[\"https:\\\/\\\/formacio.fundesplai.org\\\/es\\\/cursos-es\\\/deporte\\\/ciclo-formativo-de-grado-medio-de-futbol\\\/\"]}]},{\"@type\":\"ImageObject\",\"inLanguage\":\"es\",\"@id\":\"https:\\\/\\\/formacio.fundesplai.org\\\/es\\\/cursos-es\\\/deporte\\\/ciclo-formativo-de-grado-medio-de-futbol\\\/#primaryimage\",\"url\":\"https:\\\/\\\/formacio.fundesplai.org\\\/wp-content\\\/uploads\\\/2024\\\/06\\\/Cicle-Formatiu-Futbol.jpg\",\"contentUrl\":\"https:\\\/\\\/formacio.fundesplai.org\\\/wp-content\\\/uploads\\\/2024\\\/06\\\/Cicle-Formatiu-Futbol.jpg\",\"width\":1888,\"height\":900,\"caption\":\"Ciclo Formativo F\u00fatbol\"},{\"@type\":\"BreadcrumbList\",\"@id\":\"https:\\\/\\\/formacio.fundesplai.org\\\/es\\\/cursos-es\\\/deporte\\\/ciclo-formativo-de-grado-medio-de-futbol\\\/#breadcrumb\",\"itemListElement\":[{\"@type\":\"ListItem\",\"position\":1,\"name\":\"Inici\",\"item\":\"https:\\\/\\\/formacio.fundesplai.org\\\/es\\\/inicio\\\/\"},{\"@type\":\"ListItem\",\"position\":2,\"name\":\"Encuentra tu curso\",\"item\":\"https:\\\/\\\/formacio.fundesplai.org\\\/es\\\/cursos\\\/\"},{\"@type\":\"ListItem\",\"position\":3,\"name\":\"Deporte\",\"item\":\"https:\\\/\\\/formacio.fundesplai.org\\\/es\\\/cursos\\\/deporte\\\/\"},{\"@type\":\"ListItem\",\"position\":4,\"name\":\"Ciclo formativo de grado medio de f\u00fatbol Nivel 1 + Nivel 2\"}]},{\"@type\":\"WebSite\",\"@id\":\"https:\\\/\\\/formacio.fundesplai.org\\\/es\\\/#website\",\"url\":\"https:\\\/\\\/formacio.fundesplai.org\\\/es\\\/\",\"name\":\"Fundesplai Formaci\u00f3\",\"description\":\"\",\"potentialAction\":[{\"@type\":\"SearchAction\",\"target\":{\"@type\":\"EntryPoint\",\"urlTemplate\":\"https:\\\/\\\/formacio.fundesplai.org\\\/es\\\/?s={search_term_string}\"},\"query-input\":{\"@type\":\"PropertyValueSpecification\",\"valueRequired\":true,\"valueName\":\"search_term_string\"}}],\"inLanguage\":\"es\"}]}<\/script>\n<!-- \/ Yoast SEO plugin. -->","yoast_head_json":{"title":"Ciclo formativo de grado medio de f\u00fatbol Nivel 1 + Nivel 2 - Fundesplai Formaci\u00f3","description":"\u00a1Ded\u00edcate profesionalmente al mundo del f\u00fatbol con el ciclo formativo de grado medio de f\u00fatbol, \u200b\u200buna formaci\u00f3n completa y actualizada!","robots":{"index":"index","follow":"follow","max-snippet":"max-snippet:-1","max-image-preview":"max-image-preview:large","max-video-preview":"max-video-preview:-1"},"canonical":"https:\/\/formacio.fundesplai.org\/es\/cursos-es\/deporte\/ciclo-formativo-de-grado-medio-de-futbol\/","og_locale":"es_ES","og_type":"article","og_title":"Ciclo formativo de grado medio de f\u00fatbol Nivel 1 + Nivel 2 - Fundesplai Formaci\u00f3","og_description":"\u00a1Ded\u00edcate profesionalmente al mundo del f\u00fatbol con el ciclo formativo de grado medio de f\u00fatbol, \u200b\u200buna formaci\u00f3n completa y actualizada!","og_url":"https:\/\/formacio.fundesplai.org\/es\/cursos-es\/deporte\/ciclo-formativo-de-grado-medio-de-futbol\/","og_site_name":"Fundesplai Formaci\u00f3","article_modified_time":"2026-04-08T14:22:16+00:00","og_image":[{"width":1888,"height":900,"url":"https:\/\/formacio.fundesplai.org\/wp-content\/uploads\/2024\/06\/Cicle-Formatiu-Futbol.jpg","type":"image\/jpeg"}],"twitter_card":"summary_large_image","twitter_misc":{"Tiempo de lectura":"1 minuto"},"schema":{"@context":"https:\/\/schema.org","@graph":[{"@type":"WebPage","@id":"https:\/\/formacio.fundesplai.org\/es\/cursos-es\/deporte\/ciclo-formativo-de-grado-medio-de-futbol\/","url":"https:\/\/formacio.fundesplai.org\/es\/cursos-es\/deporte\/ciclo-formativo-de-grado-medio-de-futbol\/","name":"Ciclo formativo de grado medio de f\u00fatbol Nivel 1 + Nivel 2 - Fundesplai Formaci\u00f3","isPartOf":{"@id":"https:\/\/formacio.fundesplai.org\/es\/#website"},"primaryImageOfPage":{"@id":"https:\/\/formacio.fundesplai.org\/es\/cursos-es\/deporte\/ciclo-formativo-de-grado-medio-de-futbol\/#primaryimage"},"image":{"@id":"https:\/\/formacio.fundesplai.org\/es\/cursos-es\/deporte\/ciclo-formativo-de-grado-medio-de-futbol\/#primaryimage"},"thumbnailUrl":"https:\/\/formacio.fundesplai.org\/wp-content\/uploads\/2024\/06\/Cicle-Formatiu-Futbol.jpg","datePublished":"2024-06-19T08:09:06+00:00","dateModified":"2026-04-08T14:22:16+00:00","description":"\u00a1Ded\u00edcate profesionalmente al mundo del f\u00fatbol con el ciclo formativo de grado medio de f\u00fatbol, \u200b\u200buna formaci\u00f3n completa y actualizada!","breadcrumb":{"@id":"https:\/\/formacio.fundesplai.org\/es\/cursos-es\/deporte\/ciclo-formativo-de-grado-medio-de-futbol\/#breadcrumb"},"inLanguage":"es","potentialAction":[{"@type":"ReadAction","target":["https:\/\/formacio.fundesplai.org\/es\/cursos-es\/deporte\/ciclo-formativo-de-grado-medio-de-futbol\/"]}]},{"@type":"ImageObject","inLanguage":"es","@id":"https:\/\/formacio.fundesplai.org\/es\/cursos-es\/deporte\/ciclo-formativo-de-grado-medio-de-futbol\/#primaryimage","url":"https:\/\/formacio.fundesplai.org\/wp-content\/uploads\/2024\/06\/Cicle-Formatiu-Futbol.jpg","contentUrl":"https:\/\/formacio.fundesplai.org\/wp-content\/uploads\/2024\/06\/Cicle-Formatiu-Futbol.jpg","width":1888,"height":900,"caption":"Ciclo Formativo F\u00fatbol"},{"@type":"BreadcrumbList","@id":"https:\/\/formacio.fundesplai.org\/es\/cursos-es\/deporte\/ciclo-formativo-de-grado-medio-de-futbol\/#breadcrumb","itemListElement":[{"@type":"ListItem","position":1,"name":"Inici","item":"https:\/\/formacio.fundesplai.org\/es\/inicio\/"},{"@type":"ListItem","position":2,"name":"Encuentra tu curso","item":"https:\/\/formacio.fundesplai.org\/es\/cursos\/"},{"@type":"ListItem","position":3,"name":"Deporte","item":"https:\/\/formacio.fundesplai.org\/es\/cursos\/deporte\/"},{"@type":"ListItem","position":4,"name":"Ciclo formativo de grado medio de f\u00fatbol Nivel 1 + Nivel 2"}]},{"@type":"WebSite","@id":"https:\/\/formacio.fundesplai.org\/es\/#website","url":"https:\/\/formacio.fundesplai.org\/es\/","name":"Fundesplai Formaci\u00f3","description":"","potentialAction":[{"@type":"SearchAction","target":{"@type":"EntryPoint","urlTemplate":"https:\/\/formacio.fundesplai.org\/es\/?s={search_term_string}"},"query-input":{"@type":"PropertyValueSpecification","valueRequired":true,"valueName":"search_term_string"}}],"inLanguage":"es"}]}},"_links":{"self":[{"href":"https:\/\/formacio.fundesplai.org\/es\/wp-json\/wp\/v2\/product\/45385","targetHints":{"allow":["GET"]}}],"collection":[{"href":"https:\/\/formacio.fundesplai.org\/es\/wp-json\/wp\/v2\/product"}],"about":[{"href":"https:\/\/formacio.fundesplai.org\/es\/wp-json\/wp\/v2\/types\/product"}],"replies":[{"embeddable":true,"href":"https:\/\/formacio.fundesplai.org\/es\/wp-json\/wp\/v2\/comments?post=45385"}],"wp:featuredmedia":[{"embeddable":true,"href":"https:\/\/formacio.fundesplai.org\/es\/wp-json\/wp\/v2\/media\/44813"}],"wp:attachment":[{"href":"https:\/\/formacio.fundesplai.org\/es\/wp-json\/wp\/v2\/media?parent=45385"}],"wp:term":[{"taxonomy":"product_brand","embeddable":true,"href":"https:\/\/formacio.fundesplai.org\/es\/wp-json\/wp\/v2\/product_brand?post=45385"},{"taxonomy":"product_cat","embeddable":true,"href":"https:\/\/formacio.fundesplai.org\/es\/wp-json\/wp\/v2\/product_cat?post=45385"},{"taxonomy":"product_tag","embeddable":true,"href":"https:\/\/formacio.fundesplai.org\/es\/wp-json\/wp\/v2\/product_tag?post=45385"}],"curies":[{"name":"wp","href":"https:\/\/api.w.org\/{rel}","templated":true}]}}