{"id":49383,"date":"2024-10-30T10:35:07","date_gmt":"2024-10-30T09:35:07","guid":{"rendered":"https:\/\/formacio.fundesplai.org\/?post_type=product&#038;p=49383"},"modified":"2026-01-12T12:10:46","modified_gmt":"2026-01-12T11:10:46","slug":"certificado-de-promocion-para-la-igualdad-de-mujeres-y-hombres-subvencionado","status":"publish","type":"product","link":"https:\/\/formacio.fundesplai.org\/es\/cursos-es\/accionsocialycomunitaria\/certificado-de-promocion-para-la-igualdad-de-mujeres-y-hombres-subvencionado\/","title":{"rendered":"Certificado Profesional de Promoci\u00f3n para la Igualdad de Mujeres y Hombres subvencionado"},"excerpt":{"rendered":"<p><strong>\u00a1Certificate y trabaja en la promoci\u00f3n de la igualdad de g\u00e9nero!<\/strong><\/p>\n","protected":false},"featured_media":49386,"comment_status":"closed","ping_status":"closed","template":"","meta":{"_et_pb_use_builder":"","_et_pb_old_content":"","_et_gb_content_width":""},"product_brand":[],"product_cat":[675,89],"product_tag":[],"class_list":{"0":"post-49383","1":"product","2":"type-product","3":"status-publish","4":"has-post-thumbnail","6":"product_cat-educacioncat","7":"product_cat-accionsocialycomunitaria","9":"first","10":"instock","11":"virtual","12":"sold-individually","13":"taxable","14":"purchasable","15":"product-type-simple"},"yoast_head":"<!-- This site is optimized with the Yoast SEO plugin v27.5 - https:\/\/yoast.com\/product\/yoast-seo-wordpress\/ -->\n<title>Certificado Profesional de Promoci\u00f3n para la Igualdad de Mujeres y Hombres subvencionado - Fundesplai Formaci\u00f3<\/title>\n<meta name=\"description\" content=\"Con el Certificado de Promoci\u00f3n para la Igualdad de Mujeres y Hombres podr\u00e1s desempe\u00f1arte en un trabajo apasionante y en crecimiento en el sector p\u00fablico y privado.\" \/>\n<meta name=\"robots\" content=\"index, follow, max-snippet:-1, max-image-preview:large, max-video-preview:-1\" \/>\n<link rel=\"canonical\" href=\"https:\/\/formacio.fundesplai.org\/es\/cursos-es\/accionsocialycomunitaria\/certificado-de-promocion-para-la-igualdad-de-mujeres-y-hombres-subvencionado\/\" \/>\n<meta property=\"og:locale\" content=\"es_ES\" \/>\n<meta property=\"og:type\" content=\"article\" \/>\n<meta property=\"og:title\" content=\"Certificado Profesional de Promoci\u00f3n para la Igualdad de Mujeres y Hombres subvencionado - Fundesplai Formaci\u00f3\" \/>\n<meta property=\"og:description\" content=\"Con el Certificado de Promoci\u00f3n para la Igualdad de Mujeres y Hombres podr\u00e1s desempe\u00f1arte en un trabajo apasionante y en crecimiento en el sector p\u00fablico y privado.\" \/>\n<meta property=\"og:url\" content=\"https:\/\/formacio.fundesplai.org\/es\/cursos-es\/accionsocialycomunitaria\/certificado-de-promocion-para-la-igualdad-de-mujeres-y-hombres-subvencionado\/\" \/>\n<meta property=\"og:site_name\" content=\"Fundesplai Formaci\u00f3\" \/>\n<meta property=\"article:modified_time\" content=\"2026-01-12T11:10:46+00:00\" \/>\n<meta property=\"og:image\" content=\"https:\/\/formacio.fundesplai.org\/wp-content\/uploads\/2024\/10\/Certificat-Professional-Igualtat.jpg\" \/>\n\t<meta property=\"og:image:width\" content=\"1888\" \/>\n\t<meta property=\"og:image:height\" content=\"900\" \/>\n\t<meta property=\"og:image:type\" content=\"image\/jpeg\" \/>\n<meta name=\"twitter:card\" content=\"summary_large_image\" \/>\n<meta name=\"twitter:label1\" content=\"Tiempo de lectura\" \/>\n\t<meta name=\"twitter:data1\" content=\"1 minuto\" \/>\n<script type=\"application\/ld+json\" class=\"yoast-schema-graph\">{\"@context\":\"https:\\\/\\\/schema.org\",\"@graph\":[{\"@type\":\"WebPage\",\"@id\":\"https:\\\/\\\/formacio.fundesplai.org\\\/es\\\/cursos-es\\\/accionsocialycomunitaria\\\/certificado-de-promocion-para-la-igualdad-de-mujeres-y-hombres-subvencionado\\\/\",\"url\":\"https:\\\/\\\/formacio.fundesplai.org\\\/es\\\/cursos-es\\\/accionsocialycomunitaria\\\/certificado-de-promocion-para-la-igualdad-de-mujeres-y-hombres-subvencionado\\\/\",\"name\":\"Certificado Profesional de Promoci\u00f3n para la Igualdad de Mujeres y Hombres subvencionado - Fundesplai Formaci\u00f3\",\"isPartOf\":{\"@id\":\"https:\\\/\\\/formacio.fundesplai.org\\\/es\\\/#website\"},\"primaryImageOfPage\":{\"@id\":\"https:\\\/\\\/formacio.fundesplai.org\\\/es\\\/cursos-es\\\/accionsocialycomunitaria\\\/certificado-de-promocion-para-la-igualdad-de-mujeres-y-hombres-subvencionado\\\/#primaryimage\"},\"image\":{\"@id\":\"https:\\\/\\\/formacio.fundesplai.org\\\/es\\\/cursos-es\\\/accionsocialycomunitaria\\\/certificado-de-promocion-para-la-igualdad-de-mujeres-y-hombres-subvencionado\\\/#primaryimage\"},\"thumbnailUrl\":\"https:\\\/\\\/formacio.fundesplai.org\\\/wp-content\\\/uploads\\\/2024\\\/10\\\/Certificat-Professional-Igualtat.jpg\",\"datePublished\":\"2024-10-30T09:35:07+00:00\",\"dateModified\":\"2026-01-12T11:10:46+00:00\",\"description\":\"Con el Certificado de Promoci\u00f3n para la Igualdad de Mujeres y Hombres podr\u00e1s desempe\u00f1arte en un trabajo apasionante y en crecimiento en el sector p\u00fablico y privado.\",\"breadcrumb\":{\"@id\":\"https:\\\/\\\/formacio.fundesplai.org\\\/es\\\/cursos-es\\\/accionsocialycomunitaria\\\/certificado-de-promocion-para-la-igualdad-de-mujeres-y-hombres-subvencionado\\\/#breadcrumb\"},\"inLanguage\":\"es\",\"potentialAction\":[{\"@type\":\"ReadAction\",\"target\":[\"https:\\\/\\\/formacio.fundesplai.org\\\/es\\\/cursos-es\\\/accionsocialycomunitaria\\\/certificado-de-promocion-para-la-igualdad-de-mujeres-y-hombres-subvencionado\\\/\"]}]},{\"@type\":\"ImageObject\",\"inLanguage\":\"es\",\"@id\":\"https:\\\/\\\/formacio.fundesplai.org\\\/es\\\/cursos-es\\\/accionsocialycomunitaria\\\/certificado-de-promocion-para-la-igualdad-de-mujeres-y-hombres-subvencionado\\\/#primaryimage\",\"url\":\"https:\\\/\\\/formacio.fundesplai.org\\\/wp-content\\\/uploads\\\/2024\\\/10\\\/Certificat-Professional-Igualtat.jpg\",\"contentUrl\":\"https:\\\/\\\/formacio.fundesplai.org\\\/wp-content\\\/uploads\\\/2024\\\/10\\\/Certificat-Professional-Igualtat.jpg\",\"width\":1888,\"height\":900,\"caption\":\"S\u00edmbolo de equilibrio para ilustrar el Certificado profesional de promoci\u00f3n de la igualdad de g\u00e9nero\"},{\"@type\":\"BreadcrumbList\",\"@id\":\"https:\\\/\\\/formacio.fundesplai.org\\\/es\\\/cursos-es\\\/accionsocialycomunitaria\\\/certificado-de-promocion-para-la-igualdad-de-mujeres-y-hombres-subvencionado\\\/#breadcrumb\",\"itemListElement\":[{\"@type\":\"ListItem\",\"position\":1,\"name\":\"Inici\",\"item\":\"https:\\\/\\\/formacio.fundesplai.org\\\/es\\\/inicio\\\/\"},{\"@type\":\"ListItem\",\"position\":2,\"name\":\"Encuentra tu curso\",\"item\":\"https:\\\/\\\/formacio.fundesplai.org\\\/es\\\/cursos\\\/\"},{\"@type\":\"ListItem\",\"position\":3,\"name\":\"Educaci\u00f3n\",\"item\":\"https:\\\/\\\/formacio.fundesplai.org\\\/es\\\/cursos\\\/educacioncat\\\/\"},{\"@type\":\"ListItem\",\"position\":4,\"name\":\"Certificado Profesional de Promoci\u00f3n para la Igualdad de Mujeres y Hombres subvencionado\"}]},{\"@type\":\"WebSite\",\"@id\":\"https:\\\/\\\/formacio.fundesplai.org\\\/es\\\/#website\",\"url\":\"https:\\\/\\\/formacio.fundesplai.org\\\/es\\\/\",\"name\":\"Fundesplai Formaci\u00f3\",\"description\":\"\",\"potentialAction\":[{\"@type\":\"SearchAction\",\"target\":{\"@type\":\"EntryPoint\",\"urlTemplate\":\"https:\\\/\\\/formacio.fundesplai.org\\\/es\\\/?s={search_term_string}\"},\"query-input\":{\"@type\":\"PropertyValueSpecification\",\"valueRequired\":true,\"valueName\":\"search_term_string\"}}],\"inLanguage\":\"es\"}]}<\/script>\n<!-- \/ Yoast SEO plugin. -->","yoast_head_json":{"title":"Certificado Profesional de Promoci\u00f3n para la Igualdad de Mujeres y Hombres subvencionado - Fundesplai Formaci\u00f3","description":"Con el Certificado de Promoci\u00f3n para la Igualdad de Mujeres y Hombres podr\u00e1s desempe\u00f1arte en un trabajo apasionante y en crecimiento en el sector p\u00fablico y privado.","robots":{"index":"index","follow":"follow","max-snippet":"max-snippet:-1","max-image-preview":"max-image-preview:large","max-video-preview":"max-video-preview:-1"},"canonical":"https:\/\/formacio.fundesplai.org\/es\/cursos-es\/accionsocialycomunitaria\/certificado-de-promocion-para-la-igualdad-de-mujeres-y-hombres-subvencionado\/","og_locale":"es_ES","og_type":"article","og_title":"Certificado Profesional de Promoci\u00f3n para la Igualdad de Mujeres y Hombres subvencionado - Fundesplai Formaci\u00f3","og_description":"Con el Certificado de Promoci\u00f3n para la Igualdad de Mujeres y Hombres podr\u00e1s desempe\u00f1arte en un trabajo apasionante y en crecimiento en el sector p\u00fablico y privado.","og_url":"https:\/\/formacio.fundesplai.org\/es\/cursos-es\/accionsocialycomunitaria\/certificado-de-promocion-para-la-igualdad-de-mujeres-y-hombres-subvencionado\/","og_site_name":"Fundesplai Formaci\u00f3","article_modified_time":"2026-01-12T11:10:46+00:00","og_image":[{"width":1888,"height":900,"url":"https:\/\/formacio.fundesplai.org\/wp-content\/uploads\/2024\/10\/Certificat-Professional-Igualtat.jpg","type":"image\/jpeg"}],"twitter_card":"summary_large_image","twitter_misc":{"Tiempo de lectura":"1 minuto"},"schema":{"@context":"https:\/\/schema.org","@graph":[{"@type":"WebPage","@id":"https:\/\/formacio.fundesplai.org\/es\/cursos-es\/accionsocialycomunitaria\/certificado-de-promocion-para-la-igualdad-de-mujeres-y-hombres-subvencionado\/","url":"https:\/\/formacio.fundesplai.org\/es\/cursos-es\/accionsocialycomunitaria\/certificado-de-promocion-para-la-igualdad-de-mujeres-y-hombres-subvencionado\/","name":"Certificado Profesional de Promoci\u00f3n para la Igualdad de Mujeres y Hombres subvencionado - Fundesplai Formaci\u00f3","isPartOf":{"@id":"https:\/\/formacio.fundesplai.org\/es\/#website"},"primaryImageOfPage":{"@id":"https:\/\/formacio.fundesplai.org\/es\/cursos-es\/accionsocialycomunitaria\/certificado-de-promocion-para-la-igualdad-de-mujeres-y-hombres-subvencionado\/#primaryimage"},"image":{"@id":"https:\/\/formacio.fundesplai.org\/es\/cursos-es\/accionsocialycomunitaria\/certificado-de-promocion-para-la-igualdad-de-mujeres-y-hombres-subvencionado\/#primaryimage"},"thumbnailUrl":"https:\/\/formacio.fundesplai.org\/wp-content\/uploads\/2024\/10\/Certificat-Professional-Igualtat.jpg","datePublished":"2024-10-30T09:35:07+00:00","dateModified":"2026-01-12T11:10:46+00:00","description":"Con el Certificado de Promoci\u00f3n para la Igualdad de Mujeres y Hombres podr\u00e1s desempe\u00f1arte en un trabajo apasionante y en crecimiento en el sector p\u00fablico y privado.","breadcrumb":{"@id":"https:\/\/formacio.fundesplai.org\/es\/cursos-es\/accionsocialycomunitaria\/certificado-de-promocion-para-la-igualdad-de-mujeres-y-hombres-subvencionado\/#breadcrumb"},"inLanguage":"es","potentialAction":[{"@type":"ReadAction","target":["https:\/\/formacio.fundesplai.org\/es\/cursos-es\/accionsocialycomunitaria\/certificado-de-promocion-para-la-igualdad-de-mujeres-y-hombres-subvencionado\/"]}]},{"@type":"ImageObject","inLanguage":"es","@id":"https:\/\/formacio.fundesplai.org\/es\/cursos-es\/accionsocialycomunitaria\/certificado-de-promocion-para-la-igualdad-de-mujeres-y-hombres-subvencionado\/#primaryimage","url":"https:\/\/formacio.fundesplai.org\/wp-content\/uploads\/2024\/10\/Certificat-Professional-Igualtat.jpg","contentUrl":"https:\/\/formacio.fundesplai.org\/wp-content\/uploads\/2024\/10\/Certificat-Professional-Igualtat.jpg","width":1888,"height":900,"caption":"S\u00edmbolo de equilibrio para ilustrar el Certificado profesional de promoci\u00f3n de la igualdad de g\u00e9nero"},{"@type":"BreadcrumbList","@id":"https:\/\/formacio.fundesplai.org\/es\/cursos-es\/accionsocialycomunitaria\/certificado-de-promocion-para-la-igualdad-de-mujeres-y-hombres-subvencionado\/#breadcrumb","itemListElement":[{"@type":"ListItem","position":1,"name":"Inici","item":"https:\/\/formacio.fundesplai.org\/es\/inicio\/"},{"@type":"ListItem","position":2,"name":"Encuentra tu curso","item":"https:\/\/formacio.fundesplai.org\/es\/cursos\/"},{"@type":"ListItem","position":3,"name":"Educaci\u00f3n","item":"https:\/\/formacio.fundesplai.org\/es\/cursos\/educacioncat\/"},{"@type":"ListItem","position":4,"name":"Certificado Profesional de Promoci\u00f3n para la Igualdad de Mujeres y Hombres subvencionado"}]},{"@type":"WebSite","@id":"https:\/\/formacio.fundesplai.org\/es\/#website","url":"https:\/\/formacio.fundesplai.org\/es\/","name":"Fundesplai Formaci\u00f3","description":"","potentialAction":[{"@type":"SearchAction","target":{"@type":"EntryPoint","urlTemplate":"https:\/\/formacio.fundesplai.org\/es\/?s={search_term_string}"},"query-input":{"@type":"PropertyValueSpecification","valueRequired":true,"valueName":"search_term_string"}}],"inLanguage":"es"}]}},"_links":{"self":[{"href":"https:\/\/formacio.fundesplai.org\/es\/wp-json\/wp\/v2\/product\/49383","targetHints":{"allow":["GET"]}}],"collection":[{"href":"https:\/\/formacio.fundesplai.org\/es\/wp-json\/wp\/v2\/product"}],"about":[{"href":"https:\/\/formacio.fundesplai.org\/es\/wp-json\/wp\/v2\/types\/product"}],"replies":[{"embeddable":true,"href":"https:\/\/formacio.fundesplai.org\/es\/wp-json\/wp\/v2\/comments?post=49383"}],"wp:featuredmedia":[{"embeddable":true,"href":"https:\/\/formacio.fundesplai.org\/es\/wp-json\/wp\/v2\/media\/49386"}],"wp:attachment":[{"href":"https:\/\/formacio.fundesplai.org\/es\/wp-json\/wp\/v2\/media?parent=49383"}],"wp:term":[{"taxonomy":"product_brand","embeddable":true,"href":"https:\/\/formacio.fundesplai.org\/es\/wp-json\/wp\/v2\/product_brand?post=49383"},{"taxonomy":"product_cat","embeddable":true,"href":"https:\/\/formacio.fundesplai.org\/es\/wp-json\/wp\/v2\/product_cat?post=49383"},{"taxonomy":"product_tag","embeddable":true,"href":"https:\/\/formacio.fundesplai.org\/es\/wp-json\/wp\/v2\/product_tag?post=49383"}],"curies":[{"name":"wp","href":"https:\/\/api.w.org\/{rel}","templated":true}]}}