{"id":58397,"date":"2023-09-18T09:28:39","date_gmt":"2023-09-18T07:28:39","guid":{"rendered":"https:\/\/formacio.fundesplai.org\/cursos\/sin%20categor\u00eda\/curso-de-manipulacion-de-alimentos-online-subvencionado\/"},"modified":"2026-02-03T09:15:38","modified_gmt":"2026-02-03T08:15:38","slug":"curso-de-manipulacion-de-alimentos-online-subvencionado","status":"publish","type":"product","link":"https:\/\/formacio.fundesplai.org\/es\/cursos-es\/restauracionyhostaleria\/curso-de-manipulacion-de-alimentos-online-subvencionado\/","title":{"rendered":"Curso de Manipulaci\u00f3n de Alimentos online subvencionado"},"excerpt":{"rendered":"<p><span style=\"font-weight: 400;\">\u00a1Conoce la normativa vigente relativa a la manipulaci\u00f3n de alimentos ya sus procesos de conservaci\u00f3n!<\/span><\/p>\n","protected":false},"featured_media":8080,"comment_status":"closed","ping_status":"closed","template":"","meta":{"_et_pb_use_builder":"","_et_pb_old_content":"","_et_gb_content_width":""},"product_brand":[],"product_cat":[86],"product_tag":[760,538],"class_list":{"0":"post-58397","1":"product","2":"type-product","3":"status-publish","4":"has-post-thumbnail","6":"product_cat-restauracionyhostaleria","7":"product_tag-alimentacion","8":"product_tag-hosteleria","10":"first","11":"instock","12":"virtual","13":"sold-individually","14":"taxable","15":"product-type-simple"},"yoast_head":"<!-- This site is optimized with the Yoast SEO plugin v27.5 - https:\/\/yoast.com\/product\/yoast-seo-wordpress\/ -->\n<title>Curso de Manipulaci\u00f3n de Alimentos online subvencionado - Fundesplai Formaci\u00f3<\/title>\n<meta name=\"description\" content=\"Descubre las buenas pr\u00e1cticas de higiene a seguir en la manipulaci\u00f3n de alimentos, desde su recepci\u00f3n hasta la venta, para asegurar su buen estado.\" \/>\n<meta name=\"robots\" content=\"index, follow, max-snippet:-1, max-image-preview:large, max-video-preview:-1\" \/>\n<link rel=\"canonical\" href=\"https:\/\/formacio.fundesplai.org\/es\/cursos-es\/restauracionyhostaleria\/curso-de-manipulacion-de-alimentos-online-subvencionado\/\" \/>\n<meta property=\"og:locale\" content=\"es_ES\" \/>\n<meta property=\"og:type\" content=\"article\" \/>\n<meta property=\"og:title\" content=\"Curso de Manipulaci\u00f3n de Alimentos online subvencionado - Fundesplai Formaci\u00f3\" \/>\n<meta property=\"og:description\" content=\"Descubre las buenas pr\u00e1cticas de higiene a seguir en la manipulaci\u00f3n de alimentos, desde su recepci\u00f3n hasta la venta, para asegurar su buen estado.\" \/>\n<meta property=\"og:url\" content=\"https:\/\/formacio.fundesplai.org\/es\/cursos-es\/restauracionyhostaleria\/curso-de-manipulacion-de-alimentos-online-subvencionado\/\" \/>\n<meta property=\"og:site_name\" content=\"Fundesplai Formaci\u00f3\" \/>\n<meta property=\"article:modified_time\" content=\"2026-02-03T08:15:38+00:00\" \/>\n<meta property=\"og:image\" content=\"https:\/\/formacio.fundesplai.org\/wp-content\/uploads\/2021\/02\/photo-1564844536308-50b114a1d946.jpg\" \/>\n\t<meta property=\"og:image:width\" content=\"898\" \/>\n\t<meta property=\"og:image:height\" content=\"751\" \/>\n\t<meta property=\"og:image:type\" content=\"image\/jpeg\" \/>\n<meta name=\"twitter:card\" content=\"summary_large_image\" \/>\n<script type=\"application\/ld+json\" class=\"yoast-schema-graph\">{\"@context\":\"https:\\\/\\\/schema.org\",\"@graph\":[{\"@type\":\"WebPage\",\"@id\":\"https:\\\/\\\/formacio.fundesplai.org\\\/es\\\/cursos-es\\\/restauracionyhostaleria\\\/curso-de-manipulacion-de-alimentos-online-subvencionado\\\/\",\"url\":\"https:\\\/\\\/formacio.fundesplai.org\\\/es\\\/cursos-es\\\/restauracionyhostaleria\\\/curso-de-manipulacion-de-alimentos-online-subvencionado\\\/\",\"name\":\"Curso de Manipulaci\u00f3n de Alimentos online subvencionado - Fundesplai Formaci\u00f3\",\"isPartOf\":{\"@id\":\"https:\\\/\\\/formacio.fundesplai.org\\\/es\\\/#website\"},\"primaryImageOfPage\":{\"@id\":\"https:\\\/\\\/formacio.fundesplai.org\\\/es\\\/cursos-es\\\/restauracionyhostaleria\\\/curso-de-manipulacion-de-alimentos-online-subvencionado\\\/#primaryimage\"},\"image\":{\"@id\":\"https:\\\/\\\/formacio.fundesplai.org\\\/es\\\/cursos-es\\\/restauracionyhostaleria\\\/curso-de-manipulacion-de-alimentos-online-subvencionado\\\/#primaryimage\"},\"thumbnailUrl\":\"https:\\\/\\\/formacio.fundesplai.org\\\/wp-content\\\/uploads\\\/2021\\\/02\\\/photo-1564844536308-50b114a1d946.jpg\",\"datePublished\":\"2023-09-18T07:28:39+00:00\",\"dateModified\":\"2026-02-03T08:15:38+00:00\",\"description\":\"Descubre las buenas pr\u00e1cticas de higiene a seguir en la manipulaci\u00f3n de alimentos, desde su recepci\u00f3n hasta la venta, para asegurar su buen estado.\",\"breadcrumb\":{\"@id\":\"https:\\\/\\\/formacio.fundesplai.org\\\/es\\\/cursos-es\\\/restauracionyhostaleria\\\/curso-de-manipulacion-de-alimentos-online-subvencionado\\\/#breadcrumb\"},\"inLanguage\":\"es\",\"potentialAction\":[{\"@type\":\"ReadAction\",\"target\":[\"https:\\\/\\\/formacio.fundesplai.org\\\/es\\\/cursos-es\\\/restauracionyhostaleria\\\/curso-de-manipulacion-de-alimentos-online-subvencionado\\\/\"]}]},{\"@type\":\"ImageObject\",\"inLanguage\":\"es\",\"@id\":\"https:\\\/\\\/formacio.fundesplai.org\\\/es\\\/cursos-es\\\/restauracionyhostaleria\\\/curso-de-manipulacion-de-alimentos-online-subvencionado\\\/#primaryimage\",\"url\":\"https:\\\/\\\/formacio.fundesplai.org\\\/wp-content\\\/uploads\\\/2021\\\/02\\\/photo-1564844536308-50b114a1d946.jpg\",\"contentUrl\":\"https:\\\/\\\/formacio.fundesplai.org\\\/wp-content\\\/uploads\\\/2021\\\/02\\\/photo-1564844536308-50b114a1d946.jpg\",\"width\":898,\"height\":751},{\"@type\":\"BreadcrumbList\",\"@id\":\"https:\\\/\\\/formacio.fundesplai.org\\\/es\\\/cursos-es\\\/restauracionyhostaleria\\\/curso-de-manipulacion-de-alimentos-online-subvencionado\\\/#breadcrumb\",\"itemListElement\":[{\"@type\":\"ListItem\",\"position\":1,\"name\":\"Inici\",\"item\":\"https:\\\/\\\/formacio.fundesplai.org\\\/es\\\/inicio\\\/\"},{\"@type\":\"ListItem\",\"position\":2,\"name\":\"Encuentra tu curso\",\"item\":\"https:\\\/\\\/formacio.fundesplai.org\\\/es\\\/cursos\\\/\"},{\"@type\":\"ListItem\",\"position\":3,\"name\":\"Restauraci\u00f3n y hostaleria\",\"item\":\"https:\\\/\\\/formacio.fundesplai.org\\\/es\\\/cursos\\\/restauracionyhostaleria\\\/\"},{\"@type\":\"ListItem\",\"position\":4,\"name\":\"Curso de Manipulaci\u00f3n de Alimentos online subvencionado\"}]},{\"@type\":\"WebSite\",\"@id\":\"https:\\\/\\\/formacio.fundesplai.org\\\/es\\\/#website\",\"url\":\"https:\\\/\\\/formacio.fundesplai.org\\\/es\\\/\",\"name\":\"Fundesplai Formaci\u00f3\",\"description\":\"\",\"potentialAction\":[{\"@type\":\"SearchAction\",\"target\":{\"@type\":\"EntryPoint\",\"urlTemplate\":\"https:\\\/\\\/formacio.fundesplai.org\\\/es\\\/?s={search_term_string}\"},\"query-input\":{\"@type\":\"PropertyValueSpecification\",\"valueRequired\":true,\"valueName\":\"search_term_string\"}}],\"inLanguage\":\"es\"}]}<\/script>\n<!-- \/ Yoast SEO plugin. -->","yoast_head_json":{"title":"Curso de Manipulaci\u00f3n de Alimentos online subvencionado - Fundesplai Formaci\u00f3","description":"Descubre las buenas pr\u00e1cticas de higiene a seguir en la manipulaci\u00f3n de alimentos, desde su recepci\u00f3n hasta la venta, para asegurar su buen estado.","robots":{"index":"index","follow":"follow","max-snippet":"max-snippet:-1","max-image-preview":"max-image-preview:large","max-video-preview":"max-video-preview:-1"},"canonical":"https:\/\/formacio.fundesplai.org\/es\/cursos-es\/restauracionyhostaleria\/curso-de-manipulacion-de-alimentos-online-subvencionado\/","og_locale":"es_ES","og_type":"article","og_title":"Curso de Manipulaci\u00f3n de Alimentos online subvencionado - Fundesplai Formaci\u00f3","og_description":"Descubre las buenas pr\u00e1cticas de higiene a seguir en la manipulaci\u00f3n de alimentos, desde su recepci\u00f3n hasta la venta, para asegurar su buen estado.","og_url":"https:\/\/formacio.fundesplai.org\/es\/cursos-es\/restauracionyhostaleria\/curso-de-manipulacion-de-alimentos-online-subvencionado\/","og_site_name":"Fundesplai Formaci\u00f3","article_modified_time":"2026-02-03T08:15:38+00:00","og_image":[{"width":898,"height":751,"url":"https:\/\/formacio.fundesplai.org\/wp-content\/uploads\/2021\/02\/photo-1564844536308-50b114a1d946.jpg","type":"image\/jpeg"}],"twitter_card":"summary_large_image","schema":{"@context":"https:\/\/schema.org","@graph":[{"@type":"WebPage","@id":"https:\/\/formacio.fundesplai.org\/es\/cursos-es\/restauracionyhostaleria\/curso-de-manipulacion-de-alimentos-online-subvencionado\/","url":"https:\/\/formacio.fundesplai.org\/es\/cursos-es\/restauracionyhostaleria\/curso-de-manipulacion-de-alimentos-online-subvencionado\/","name":"Curso de Manipulaci\u00f3n de Alimentos online subvencionado - Fundesplai Formaci\u00f3","isPartOf":{"@id":"https:\/\/formacio.fundesplai.org\/es\/#website"},"primaryImageOfPage":{"@id":"https:\/\/formacio.fundesplai.org\/es\/cursos-es\/restauracionyhostaleria\/curso-de-manipulacion-de-alimentos-online-subvencionado\/#primaryimage"},"image":{"@id":"https:\/\/formacio.fundesplai.org\/es\/cursos-es\/restauracionyhostaleria\/curso-de-manipulacion-de-alimentos-online-subvencionado\/#primaryimage"},"thumbnailUrl":"https:\/\/formacio.fundesplai.org\/wp-content\/uploads\/2021\/02\/photo-1564844536308-50b114a1d946.jpg","datePublished":"2023-09-18T07:28:39+00:00","dateModified":"2026-02-03T08:15:38+00:00","description":"Descubre las buenas pr\u00e1cticas de higiene a seguir en la manipulaci\u00f3n de alimentos, desde su recepci\u00f3n hasta la venta, para asegurar su buen estado.","breadcrumb":{"@id":"https:\/\/formacio.fundesplai.org\/es\/cursos-es\/restauracionyhostaleria\/curso-de-manipulacion-de-alimentos-online-subvencionado\/#breadcrumb"},"inLanguage":"es","potentialAction":[{"@type":"ReadAction","target":["https:\/\/formacio.fundesplai.org\/es\/cursos-es\/restauracionyhostaleria\/curso-de-manipulacion-de-alimentos-online-subvencionado\/"]}]},{"@type":"ImageObject","inLanguage":"es","@id":"https:\/\/formacio.fundesplai.org\/es\/cursos-es\/restauracionyhostaleria\/curso-de-manipulacion-de-alimentos-online-subvencionado\/#primaryimage","url":"https:\/\/formacio.fundesplai.org\/wp-content\/uploads\/2021\/02\/photo-1564844536308-50b114a1d946.jpg","contentUrl":"https:\/\/formacio.fundesplai.org\/wp-content\/uploads\/2021\/02\/photo-1564844536308-50b114a1d946.jpg","width":898,"height":751},{"@type":"BreadcrumbList","@id":"https:\/\/formacio.fundesplai.org\/es\/cursos-es\/restauracionyhostaleria\/curso-de-manipulacion-de-alimentos-online-subvencionado\/#breadcrumb","itemListElement":[{"@type":"ListItem","position":1,"name":"Inici","item":"https:\/\/formacio.fundesplai.org\/es\/inicio\/"},{"@type":"ListItem","position":2,"name":"Encuentra tu curso","item":"https:\/\/formacio.fundesplai.org\/es\/cursos\/"},{"@type":"ListItem","position":3,"name":"Restauraci\u00f3n y hostaleria","item":"https:\/\/formacio.fundesplai.org\/es\/cursos\/restauracionyhostaleria\/"},{"@type":"ListItem","position":4,"name":"Curso de Manipulaci\u00f3n de Alimentos online subvencionado"}]},{"@type":"WebSite","@id":"https:\/\/formacio.fundesplai.org\/es\/#website","url":"https:\/\/formacio.fundesplai.org\/es\/","name":"Fundesplai Formaci\u00f3","description":"","potentialAction":[{"@type":"SearchAction","target":{"@type":"EntryPoint","urlTemplate":"https:\/\/formacio.fundesplai.org\/es\/?s={search_term_string}"},"query-input":{"@type":"PropertyValueSpecification","valueRequired":true,"valueName":"search_term_string"}}],"inLanguage":"es"}]}},"_links":{"self":[{"href":"https:\/\/formacio.fundesplai.org\/es\/wp-json\/wp\/v2\/product\/58397","targetHints":{"allow":["GET"]}}],"collection":[{"href":"https:\/\/formacio.fundesplai.org\/es\/wp-json\/wp\/v2\/product"}],"about":[{"href":"https:\/\/formacio.fundesplai.org\/es\/wp-json\/wp\/v2\/types\/product"}],"replies":[{"embeddable":true,"href":"https:\/\/formacio.fundesplai.org\/es\/wp-json\/wp\/v2\/comments?post=58397"}],"wp:featuredmedia":[{"embeddable":true,"href":"https:\/\/formacio.fundesplai.org\/es\/wp-json\/wp\/v2\/media\/8080"}],"wp:attachment":[{"href":"https:\/\/formacio.fundesplai.org\/es\/wp-json\/wp\/v2\/media?parent=58397"}],"wp:term":[{"taxonomy":"product_brand","embeddable":true,"href":"https:\/\/formacio.fundesplai.org\/es\/wp-json\/wp\/v2\/product_brand?post=58397"},{"taxonomy":"product_cat","embeddable":true,"href":"https:\/\/formacio.fundesplai.org\/es\/wp-json\/wp\/v2\/product_cat?post=58397"},{"taxonomy":"product_tag","embeddable":true,"href":"https:\/\/formacio.fundesplai.org\/es\/wp-json\/wp\/v2\/product_tag?post=58397"}],"curies":[{"name":"wp","href":"https:\/\/api.w.org\/{rel}","templated":true}]}}